{"id":214,"date":"2022-02-11T13:12:15","date_gmt":"2022-02-11T13:12:15","guid":{"rendered":"https:\/\/mytravel.madrasthemes.com\/?post_type=product&#038;p=214"},"modified":"2025-01-07T12:55:58","modified_gmt":"2025-01-07T12:55:58","slug":"chambre-triple","status":"publish","type":"product","link":"https:\/\/hotelhamiltonagadir.com\/en\/chambres\/chambre-triple\/","title":{"rendered":"Triple room"},"content":{"rendered":"<p>Air-conditioned triple room with 3 comfortable beds, flat-screen TV with cable channels, modern en suite bathroom and terrace. Perfect for a stay with family or friends, combining comfort and convenience.<\/p>","protected":false},"excerpt":{"rendered":"Chambre triple climatis\u00e9e avec 3 lits, salle de bains privative, t\u00e9l\u00e9vision \u00e0 \u00e9cran plat et terrasse, id\u00e9ale pour un s\u00e9jour en famille.","protected":false},"featured_media":18686,"template":"","meta":{"_acf_changed":false},"product_brand":[],"product_cat":[232],"product_tag":[],"class_list":{"0":"post-214","1":"product","2":"type-product","3":"status-publish","4":"has-post-thumbnail","6":"product_format-product-format-rental","7":"product_cat-chambres","9":"first","10":"instock","11":"shipping-taxable","12":"purchasable","13":"product-type-simple"},"acf":[],"_links":{"self":[{"href":"https:\/\/hotelhamiltonagadir.com\/en\/wp-json\/wp\/v2\/product\/214","targetHints":{"allow":["GET"]}}],"collection":[{"href":"https:\/\/hotelhamiltonagadir.com\/en\/wp-json\/wp\/v2\/product"}],"about":[{"href":"https:\/\/hotelhamiltonagadir.com\/en\/wp-json\/wp\/v2\/types\/product"}],"wp:featuredmedia":[{"embeddable":true,"href":"https:\/\/hotelhamiltonagadir.com\/en\/wp-json\/wp\/v2\/media\/18686"}],"wp:attachment":[{"href":"https:\/\/hotelhamiltonagadir.com\/en\/wp-json\/wp\/v2\/media?parent=214"}],"wp:term":[{"taxonomy":"product_brand","embeddable":true,"href":"https:\/\/hotelhamiltonagadir.com\/en\/wp-json\/wp\/v2\/product_brand?post=214"},{"taxonomy":"product_cat","embeddable":true,"href":"https:\/\/hotelhamiltonagadir.com\/en\/wp-json\/wp\/v2\/product_cat?post=214"},{"taxonomy":"product_tag","embeddable":true,"href":"https:\/\/hotelhamiltonagadir.com\/en\/wp-json\/wp\/v2\/product_tag?post=214"}],"curies":[{"name":"wp","href":"https:\/\/api.w.org\/{rel}","templated":true}]}}