{"id":16507,"date":"2024-06-20T12:41:47","date_gmt":"2024-06-20T12:41:47","guid":{"rendered":"https:\/\/hotelhamiltonagadir.com?post_type=product&#038;p=16507"},"modified":"2025-11-23T15:57:11","modified_gmt":"2025-11-23T14:57:11","slug":"suite","status":"publish","type":"product","link":"https:\/\/hotelhamiltonagadir.com\/en\/chambres\/suite\/","title":{"rendered":"Suite"},"content":{"rendered":"<p>Votre suite Dot\u00e9e d&rsquo;une entr\u00e9e priv\u00e9e, cette suite spacieuse comprend \u00e9galement une chambre \u00e0 coucher, un coin salon et une salle de bains avec douche \u00e0 l&rsquo;italienne et bidet. La suite climatis\u00e9e dispose d&rsquo;une t\u00e9l\u00e9vision \u00e0 \u00e9cran plat avec cha\u00eenes c\u00e2bl\u00e9es, de murs insonoris\u00e9s, d&rsquo;un minibar, d&rsquo;un coin repas et d&rsquo;une vue sur la piscine. L&rsquo;unit\u00e9 dispose de 3 lits.<\/p>","protected":false},"excerpt":{"rendered":"Suite spacieuse avec entr\u00e9e priv\u00e9e, chambre, coin salon, salle de bains moderne avec douche \u00e0 l&rsquo;italienne et bidet. Climatis\u00e9e, elle offre 3 lits, murs insonoris\u00e9s, minibar, coin repas, TV \u00e0 \u00e9cran plat et vue sur la piscine.","protected":false},"featured_media":16508,"template":"","meta":{"_acf_changed":false},"product_brand":[],"product_cat":[232],"product_tag":[],"class_list":{"0":"post-16507","1":"product","2":"type-product","3":"status-publish","4":"has-post-thumbnail","6":"product_format-product-format-rental","7":"product_cat-chambres","9":"first","10":"instock","11":"shipping-taxable","12":"purchasable","13":"product-type-simple"},"acf":[],"_links":{"self":[{"href":"https:\/\/hotelhamiltonagadir.com\/en\/wp-json\/wp\/v2\/product\/16507","targetHints":{"allow":["GET"]}}],"collection":[{"href":"https:\/\/hotelhamiltonagadir.com\/en\/wp-json\/wp\/v2\/product"}],"about":[{"href":"https:\/\/hotelhamiltonagadir.com\/en\/wp-json\/wp\/v2\/types\/product"}],"wp:featuredmedia":[{"embeddable":true,"href":"https:\/\/hotelhamiltonagadir.com\/en\/wp-json\/wp\/v2\/media\/16508"}],"wp:attachment":[{"href":"https:\/\/hotelhamiltonagadir.com\/en\/wp-json\/wp\/v2\/media?parent=16507"}],"wp:term":[{"taxonomy":"product_brand","embeddable":true,"href":"https:\/\/hotelhamiltonagadir.com\/en\/wp-json\/wp\/v2\/product_brand?post=16507"},{"taxonomy":"product_cat","embeddable":true,"href":"https:\/\/hotelhamiltonagadir.com\/en\/wp-json\/wp\/v2\/product_cat?post=16507"},{"taxonomy":"product_tag","embeddable":true,"href":"https:\/\/hotelhamiltonagadir.com\/en\/wp-json\/wp\/v2\/product_tag?post=16507"}],"curies":[{"name":"wp","href":"https:\/\/api.w.org\/{rel}","templated":true}]}}