{"id":13542,"date":"2024-05-14T09:00:13","date_gmt":"2024-05-14T09:00:13","guid":{"rendered":"https:\/\/hotelhamiltonagadir.com\/?post_type=product&#038;p=13542"},"modified":"2025-11-23T16:04:26","modified_gmt":"2025-11-23T15:04:26","slug":"chambre-standard-avec-vue-sur-la-piscine-ou-le-jardin","status":"publish","type":"product","link":"https:\/\/hotelhamiltonagadir.com\/en\/chambres\/chambre-standard-avec-vue-sur-la-piscine-ou-le-jardin\/","title":{"rendered":"Standard room with pool or garden view"},"content":{"rendered":"<p>Enjoy a comfortable stay in this spacious standard room, ideal for travelers in search of relaxation. Equipped with air conditioning, a private entrance and a terrace offering a soothing view of the pool or garden, it features two comfortable beds. The modern bathroom features a walk-in shower for optimum comfort.<\/p>","protected":false},"excerpt":{"rendered":"Chambre spacieuse avec climatisation, entr\u00e9e priv\u00e9e, terrasse avec vue sur la piscine ou le jardin, deux lits confortables et salle de bains moderne avec douche \u00e0 l\u2019italienne.","protected":false},"featured_media":16504,"template":"","meta":{"_acf_changed":false},"product_brand":[],"product_cat":[232],"product_tag":[],"class_list":{"0":"post-13542","1":"product","2":"type-product","3":"status-publish","4":"has-post-thumbnail","6":"product_format-product-format-rental","7":"product_cat-chambres","9":"first","10":"instock","11":"shipping-taxable","12":"purchasable","13":"product-type-simple"},"acf":[],"_links":{"self":[{"href":"https:\/\/hotelhamiltonagadir.com\/en\/wp-json\/wp\/v2\/product\/13542","targetHints":{"allow":["GET"]}}],"collection":[{"href":"https:\/\/hotelhamiltonagadir.com\/en\/wp-json\/wp\/v2\/product"}],"about":[{"href":"https:\/\/hotelhamiltonagadir.com\/en\/wp-json\/wp\/v2\/types\/product"}],"wp:featuredmedia":[{"embeddable":true,"href":"https:\/\/hotelhamiltonagadir.com\/en\/wp-json\/wp\/v2\/media\/16504"}],"wp:attachment":[{"href":"https:\/\/hotelhamiltonagadir.com\/en\/wp-json\/wp\/v2\/media?parent=13542"}],"wp:term":[{"taxonomy":"product_brand","embeddable":true,"href":"https:\/\/hotelhamiltonagadir.com\/en\/wp-json\/wp\/v2\/product_brand?post=13542"},{"taxonomy":"product_cat","embeddable":true,"href":"https:\/\/hotelhamiltonagadir.com\/en\/wp-json\/wp\/v2\/product_cat?post=13542"},{"taxonomy":"product_tag","embeddable":true,"href":"https:\/\/hotelhamiltonagadir.com\/en\/wp-json\/wp\/v2\/product_tag?post=13542"}],"curies":[{"name":"wp","href":"https:\/\/api.w.org\/{rel}","templated":true}]}}