{"id":13200,"date":"2024-05-09T16:31:08","date_gmt":"2024-05-09T16:31:08","guid":{"rendered":"https:\/\/hotelhamiltonagadir.com\/?post_type=product&#038;p=13200"},"modified":"2025-11-23T16:03:51","modified_gmt":"2025-11-23T15:03:51","slug":"chambre-executive-avec-vue-sur-la-piscine","status":"publish","type":"product","link":"https:\/\/hotelhamiltonagadir.com\/en\/chambres\/chambre-executive-avec-vue-sur-la-piscine\/","title":{"rendered":"Executive room with pool view"},"content":{"rendered":"<p>Treat yourself to an upscale experience in this spacious executive room overlooking the pool. Air-conditioned and with a private entrance, this room includes a private terrace ideal for relaxing, as well as a modern bathroom with a walk-in shower. The perfect setting for comfort and tranquility.<\/p>","protected":false},"excerpt":{"rendered":"Chambre ex\u00e9cutive spacieuse avec vue sur la piscine, climatisation, entr\u00e9e priv\u00e9e, deux lits confortables, terrasse priv\u00e9e et salle de bains moderne avec douche \u00e0 l\u2019italienne. Id\u00e9ale pour un s\u00e9jour alliant confort et \u00e9l\u00e9gance.","protected":false},"featured_media":19471,"template":"","meta":{"_acf_changed":false},"product_brand":[],"product_cat":[232],"product_tag":[],"class_list":{"0":"post-13200","1":"product","2":"type-product","3":"status-publish","4":"has-post-thumbnail","6":"product_format-product-format-rental","7":"product_cat-chambres","9":"first","10":"instock","11":"shipping-taxable","12":"purchasable","13":"product-type-simple"},"acf":[],"_links":{"self":[{"href":"https:\/\/hotelhamiltonagadir.com\/en\/wp-json\/wp\/v2\/product\/13200","targetHints":{"allow":["GET"]}}],"collection":[{"href":"https:\/\/hotelhamiltonagadir.com\/en\/wp-json\/wp\/v2\/product"}],"about":[{"href":"https:\/\/hotelhamiltonagadir.com\/en\/wp-json\/wp\/v2\/types\/product"}],"wp:featuredmedia":[{"embeddable":true,"href":"https:\/\/hotelhamiltonagadir.com\/en\/wp-json\/wp\/v2\/media\/19471"}],"wp:attachment":[{"href":"https:\/\/hotelhamiltonagadir.com\/en\/wp-json\/wp\/v2\/media?parent=13200"}],"wp:term":[{"taxonomy":"product_brand","embeddable":true,"href":"https:\/\/hotelhamiltonagadir.com\/en\/wp-json\/wp\/v2\/product_brand?post=13200"},{"taxonomy":"product_cat","embeddable":true,"href":"https:\/\/hotelhamiltonagadir.com\/en\/wp-json\/wp\/v2\/product_cat?post=13200"},{"taxonomy":"product_tag","embeddable":true,"href":"https:\/\/hotelhamiltonagadir.com\/en\/wp-json\/wp\/v2\/product_tag?post=13200"}],"curies":[{"name":"wp","href":"https:\/\/api.w.org\/{rel}","templated":true}]}}