{"id":23850,"date":"2025-07-19T12:10:47","date_gmt":"2025-07-19T12:10:47","guid":{"rendered":"https:\/\/eurohotelparisorly.com\/?page_id=23850"},"modified":"2026-03-07T13:20:16","modified_gmt":"2026-03-07T12:20:16","slug":"nos-services","status":"publish","type":"page","link":"https:\/\/hotelhamiltonagadir.com\/en\/nos-services\/","title":{"rendered":"D\u00e9couvrez Nos Services | L\u2019Hospitalit\u00e9 Sign\u00e9e Hamilton"},"content":{"rendered":"<div data-elementor-type=\"wp-page\" data-elementor-id=\"23850\" class=\"elementor elementor-23850\" data-elementor-post-type=\"page\">\n\t\t\t\t<div class=\"elementor-element elementor-element-31f2171 e-con-full hero-block hero-v4 bg-img-hero-bottom text-center z-index-2 e-flex e-con e-parent\" data-id=\"31f2171\" data-element_type=\"container\" data-settings=\"{&quot;background_background&quot;:&quot;classic&quot;}\">\n\t\t<div class=\"elementor-element elementor-element-09c99ef e-con-full e-flex e-con e-child\" data-id=\"09c99ef\" data-element_type=\"container\">\n\t\t\t\t<div class=\"elementor-element elementor-element-7420569 mb-0 px-3 mt-xl-4 pt-11 elementor-widget elementor-widget-highlighted-heading\" data-id=\"7420569\" data-element_type=\"widget\" data-widget_type=\"highlighted-heading.default\">\n\t\t\t\t<div class=\"elementor-widget-container\">\n\t\t\t\t\t<h1 class=\"mytravel-elementor-highlighted-heading__title font-size-50 font-size-xs-30 text-white font-weight-bold\">Our Services<\/h1>\t\t\t\t<\/div>\n\t\t\t\t<\/div>\n\t\t<div class=\"elementor-element elementor-element-58aaf35 e-con-full e-grid e-con e-child\" data-id=\"58aaf35\" data-element_type=\"container\">\n\t\t\t\t<div class=\"elementor-element elementor-element-36642ea px-xl-2 px-uw-7 elementor-position-left elementor-vertical-align-middle elementor-view-default elementor-mobile-position-top elementor-widget elementor-widget-icon-box\" data-id=\"36642ea\" data-element_type=\"widget\" data-widget_type=\"icon-box.default\">\n\t\t\t\t<div class=\"elementor-widget-container\">\n\t\t\t\t\t\t\t<div class=\"elementor-icon-box-wrapper\">\n\n\t\t\t\t\t\t<div class=\"elementor-icon-box-icon\">\n\t\t\t\t<span  class=\"elementor-icon\">\n\t\t\t\t<i aria-hidden=\"true\" class=\"flaticon flaticon-price\"><\/i>\t\t\t\t<\/span>\n\t\t\t<\/div>\n\t\t\t\n\t\t\t\t\t\t<div class=\"elementor-icon-box-content\">\n\n\t\t\t\t\t\t\t\t\t<h5 class=\"elementor-icon-box-title\">\n\t\t\t\t\t\t<span  >\n\t\t\t\t\t\t\tCompetitive Rates\t\t\t\t\t\t<\/span>\n\t\t\t\t\t<\/h5>\n\t\t\t\t\n\t\t\t\t\t\t\t\t\t<p class=\"elementor-icon-box-description\">\n\t\t\t\t\t\tReservation on the official website\n\n\t\t\t\t\t<\/p>\n\t\t\t\t\n\t\t\t<\/div>\n\t\t\t\n\t\t<\/div>\n\t\t\t\t\t\t<\/div>\n\t\t\t\t<\/div>\n\t\t\t\t<div class=\"elementor-element elementor-element-1438d5b px-xl-2 px-uw-7 elementor-position-left elementor-view-default elementor-mobile-position-top elementor-vertical-align-top elementor-widget elementor-widget-icon-box\" data-id=\"1438d5b\" data-element_type=\"widget\" data-widget_type=\"icon-box.default\">\n\t\t\t\t<div class=\"elementor-widget-container\">\n\t\t\t\t\t\t\t<div class=\"elementor-icon-box-wrapper\">\n\n\t\t\t\t\t\t<div class=\"elementor-icon-box-icon\">\n\t\t\t\t<span  class=\"elementor-icon\">\n\t\t\t\t<i aria-hidden=\"true\" class=\"flaticon flaticon-medal\"><\/i>\t\t\t\t<\/span>\n\t\t\t<\/div>\n\t\t\t\n\t\t\t\t\t\t<div class=\"elementor-icon-box-content\">\n\n\t\t\t\t\t\t\t\t\t<h5 class=\"elementor-icon-box-title\">\n\t\t\t\t\t\t<span  >\n\t\t\t\t\t\t\tExclusive discounts\t\t\t\t\t\t<\/span>\n\t\t\t\t\t<\/h5>\n\t\t\t\t\n\t\t\t\t\t\t\t\t\t<p class=\"elementor-icon-box-description\">\n\t\t\t\t\t\tOnly on the official website\n\n\t\t\t\t\t<\/p>\n\t\t\t\t\n\t\t\t<\/div>\n\t\t\t\n\t\t<\/div>\n\t\t\t\t\t\t<\/div>\n\t\t\t\t<\/div>\n\t\t\t\t<div class=\"elementor-element elementor-element-028dedf px-xl-2 px-uw-7 elementor-position-left elementor-view-default elementor-mobile-position-top elementor-vertical-align-top elementor-widget elementor-widget-icon-box\" data-id=\"028dedf\" data-element_type=\"widget\" data-widget_type=\"icon-box.default\">\n\t\t\t\t<div class=\"elementor-widget-container\">\n\t\t\t\t\t\t\t<div class=\"elementor-icon-box-wrapper\">\n\n\t\t\t\t\t\t<div class=\"elementor-icon-box-icon\">\n\t\t\t\t<span  class=\"elementor-icon\">\n\t\t\t\t<i aria-hidden=\"true\" class=\"flaticon flaticon-world\"><\/i>\t\t\t\t<\/span>\n\t\t\t<\/div>\n\t\t\t\n\t\t\t\t\t\t<div class=\"elementor-icon-box-content\">\n\n\t\t\t\t\t\t\t\t\t<h5 class=\"elementor-icon-box-title\">\n\t\t\t\t\t\t<span  >\n\t\t\t\t\t\t\tPerfect Destination\t\t\t\t\t\t<\/span>\n\t\t\t\t\t<\/h5>\n\t\t\t\t\n\t\t\t\t\t\t\t\t\t<p class=\"elementor-icon-box-description\">\n\t\t\t\t\t\tAdjust to your mood\n\n\t\t\t\t\t<\/p>\n\t\t\t\t\n\t\t\t<\/div>\n\t\t\t\n\t\t<\/div>\n\t\t\t\t\t\t<\/div>\n\t\t\t\t<\/div>\n\t\t\t\t<div class=\"elementor-element elementor-element-b9cbca0 px-xl-2 px-uw-7 elementor-position-left elementor-view-default elementor-mobile-position-top elementor-vertical-align-top elementor-widget elementor-widget-icon-box\" data-id=\"b9cbca0\" data-element_type=\"widget\" data-widget_type=\"icon-box.default\">\n\t\t\t\t<div class=\"elementor-widget-container\">\n\t\t\t\t\t\t\t<div class=\"elementor-icon-box-wrapper\">\n\n\t\t\t\t\t\t<div class=\"elementor-icon-box-icon\">\n\t\t\t\t<span  class=\"elementor-icon\">\n\t\t\t\t<i aria-hidden=\"true\" class=\"flaticon flaticon-social\"><\/i>\t\t\t\t<\/span>\n\t\t\t<\/div>\n\t\t\t\n\t\t\t\t\t\t<div class=\"elementor-icon-box-content\">\n\n\t\t\t\t\t\t\t\t\t<h5 class=\"elementor-icon-box-title\">\n\t\t\t\t\t\t<span  >\n\t\t\t\t\t\t\tPersonalized attention\t\t\t\t\t\t<\/span>\n\t\t\t\t\t<\/h5>\n\t\t\t\t\n\t\t\t\t\t\t\t\t\t<p class=\"elementor-icon-box-description\">\n\t\t\t\t\t\t24h reception\n\n\t\t\t\t\t<\/p>\n\t\t\t\t\n\t\t\t<\/div>\n\t\t\t\n\t\t<\/div>\n\t\t\t\t\t\t<\/div>\n\t\t\t\t<\/div>\n\t\t\t\t<\/div>\n\t\t\t\t<\/div>\n\t\t\t\t<\/div>\n\t\t<div class=\"elementor-element elementor-element-374043c e-flex e-con-boxed e-con e-parent\" data-id=\"374043c\" data-element_type=\"container\">\n\t\t\t\t\t<div class=\"e-con-inner\">\n\t\t\t\t<div class=\"elementor-element elementor-element-9be637f elementor-widget elementor-widget-heading\" data-id=\"9be637f\" data-element_type=\"widget\" data-widget_type=\"heading.default\">\n\t\t\t\t<div class=\"elementor-widget-container\">\n\t\t\t\t\t<h5 class=\"elementor-heading-title elementor-size-default\">COMFORT AND RELAXATION IN THE HEART OF AGADIR.<\/h5>\t\t\t\t<\/div>\n\t\t\t\t<\/div>\n\t\t\t\t<div class=\"elementor-element elementor-element-e96b3be elementor-widget elementor-widget-heading\" data-id=\"e96b3be\" data-element_type=\"widget\" data-widget_type=\"heading.default\">\n\t\t\t\t<div class=\"elementor-widget-container\">\n\t\t\t\t\t<h2 class=\"elementor-heading-title elementor-size-default\">Hamilton Agadir Services\n<\/h2>\t\t\t\t<\/div>\n\t\t\t\t<\/div>\n\t\t\t\t<div class=\"elementor-element elementor-element-a6169f0 elementor-widget elementor-widget-text-editor\" data-id=\"a6169f0\" data-element_type=\"widget\" data-widget_type=\"text-editor.default\">\n\t\t\t\t<div class=\"elementor-widget-container\">\n\t\t\t\t\t\t\t\t\t<p data-start=\"73\" data-end=\"380\"><strong data-start=\"74\" data-end=\"219\">At Hotel Hamilton Agadir, we offer a full range of services designed to make your stay pleasant, convenient and relaxing.<\/strong><br data-start=\"219\" data-end=\"222\" \/>Our priority is to offer you a tailor-made experience, with services designed to meet all your needs, at any time of day.<\/p>\t\t\t\t\t\t\t\t<\/div>\n\t\t\t\t<\/div>\n\t\t\t\t\t<\/div>\n\t\t\t\t<\/div>\n\t\t<div class=\"elementor-element elementor-element-1b38c42 e-flex e-con-boxed e-con e-parent\" data-id=\"1b38c42\" data-element_type=\"container\">\n\t\t\t\t\t<div class=\"e-con-inner\">\n\t\t<div class=\"elementor-element elementor-element-d1e7540 e-con-full e-flex e-con e-child\" data-id=\"d1e7540\" data-element_type=\"container\">\n\t\t\t\t<div class=\"elementor-element elementor-element-173e1db elementor-widget elementor-widget-image\" data-id=\"173e1db\" data-element_type=\"widget\" data-widget_type=\"image.default\">\n\t\t\t\t<div class=\"elementor-widget-container\">\n\t\t\t\t\t\t\t\t\t\t\t\t\t\t\t<img fetchpriority=\"high\" decoding=\"async\" width=\"550\" height=\"450\" src=\"https:\/\/hotelhamiltonagadir.com\/wp-content\/uploads\/2025\/08\/free-wifi.png\" class=\"img-fluid attachment-full size-full wp-image-23877 no-lazyload\" alt=\"\" srcset=\"https:\/\/hotelhamiltonagadir.com\/wp-content\/uploads\/2025\/08\/free-wifi.png 550w, https:\/\/hotelhamiltonagadir.com\/wp-content\/uploads\/2025\/08\/free-wifi-300x245.png 300w, https:\/\/hotelhamiltonagadir.com\/wp-content\/uploads\/2025\/08\/free-wifi-15x12.png 15w\" sizes=\"(max-width: 550px) 100vw, 550px\" \/>\t\t\t\t\t\t\t\t\t\t\t\t\t\t\t<\/div>\n\t\t\t\t<\/div>\n\t\t\t\t<\/div>\n\t\t<div class=\"elementor-element elementor-element-4f458b1 e-con-full e-flex e-con e-child\" data-id=\"4f458b1\" data-element_type=\"container\" data-settings=\"{&quot;background_background&quot;:&quot;classic&quot;}\">\n\t\t\t\t<div class=\"elementor-element elementor-element-f00c235 elementor-widget elementor-widget-heading\" data-id=\"f00c235\" data-element_type=\"widget\" data-widget_type=\"heading.default\">\n\t\t\t\t<div class=\"elementor-widget-container\">\n\t\t\t\t\t<h6 class=\"elementor-heading-title elementor-size-default\">INTERNET CONNECTION<\/h6>\t\t\t\t<\/div>\n\t\t\t\t<\/div>\n\t\t\t\t<div class=\"elementor-element elementor-element-0bd7fd6 elementor-widget elementor-widget-heading\" data-id=\"0bd7fd6\" data-element_type=\"widget\" data-widget_type=\"heading.default\">\n\t\t\t\t<div class=\"elementor-widget-container\">\n\t\t\t\t\t<h2 class=\"elementor-heading-title elementor-size-default\">Free Wifi\n<\/h2>\t\t\t\t<\/div>\n\t\t\t\t<\/div>\n\t\t\t\t<div class=\"elementor-element elementor-element-aad03aa elementor-widget elementor-widget-text-editor\" data-id=\"aad03aa\" data-element_type=\"widget\" data-widget_type=\"text-editor.default\">\n\t\t\t\t<div class=\"elementor-widget-container\">\n\t\t\t\t\t\t\t\t\t<p>Stay connected at all times with free Wi-Fi available throughout the hotel. Browse, work, or share your moments without restriction.<\/p>\t\t\t\t\t\t\t\t<\/div>\n\t\t\t\t<\/div>\n\t\t\t\t<\/div>\n\t\t\t\t\t<\/div>\n\t\t\t\t<\/div>\n\t\t<div class=\"elementor-element elementor-element-a17c04f e-flex e-con-boxed e-con e-parent\" data-id=\"a17c04f\" data-element_type=\"container\">\n\t\t\t\t\t<div class=\"e-con-inner\">\n\t\t<div class=\"elementor-element elementor-element-3f89e46 e-con-full e-flex e-con e-child\" data-id=\"3f89e46\" data-element_type=\"container\" data-settings=\"{&quot;background_background&quot;:&quot;classic&quot;}\">\n\t\t\t\t<div class=\"elementor-element elementor-element-cce08ca elementor-widget elementor-widget-heading\" data-id=\"cce08ca\" data-element_type=\"widget\" data-widget_type=\"heading.default\">\n\t\t\t\t<div class=\"elementor-widget-container\">\n\t\t\t\t\t<h6 class=\"elementor-heading-title elementor-size-default\">PERSONALIZED CARE FOR YOUR BALANCE\n<\/h6>\t\t\t\t<\/div>\n\t\t\t\t<\/div>\n\t\t\t\t<div class=\"elementor-element elementor-element-20532fa elementor-widget elementor-widget-heading\" data-id=\"20532fa\" data-element_type=\"widget\" data-widget_type=\"heading.default\">\n\t\t\t\t<div class=\"elementor-widget-container\">\n\t\t\t\t\t<h2 class=\"elementor-heading-title elementor-size-default\">Spa<\/h2>\t\t\t\t<\/div>\n\t\t\t\t<\/div>\n\t\t\t\t<div class=\"elementor-element elementor-element-1abe79e elementor-widget elementor-widget-text-editor\" data-id=\"1abe79e\" data-element_type=\"widget\" data-widget_type=\"text-editor.default\">\n\t\t\t\t<div class=\"elementor-widget-container\">\n\t\t\t\t\t\t\t\t\t<p data-start=\"66\" data-end=\"262\"><strong>Hotel Hamilton Agadir<\/strong> offers a complete wellness area with spa, hammam and massages, ideal for relaxing and recharging your batteries during your stay in Agadir.<\/p>\t\t\t\t\t\t\t\t<\/div>\n\t\t\t\t<\/div>\n\t\t\t\t<div class=\"elementor-element elementor-element-9b49f6d elementor-widget elementor-widget-button\" data-id=\"9b49f6d\" data-element_type=\"widget\" data-widget_type=\"button.button-mytravel\">\n\t\t\t\t<div class=\"elementor-widget-container\">\n\t\t\t\t\t\t\t<div class=\"elementor-button-wrapper\">\n\t\t\t<a href=\"https:\/\/hotelhamiltonagadir.com\/en\/besoin-aide\/\" class=\"mytravel-button elementor-button-link btn btn-outline-primary btn-sm\" role=\"button\">\n\t\t\t\t\t\t<span class=\"elementor-button-content-wrapper\">\n\t\t\t\t\t\t\t\t\t<span class=\"mytravel-button-text\">Contact us<\/span>\n\t\t\t\t\t<\/span>\n\t\t\t\t\t<\/a>\n\t\t<\/div>\n\t\t\t\t\t\t<\/div>\n\t\t\t\t<\/div>\n\t\t\t\t<\/div>\n\t\t<div class=\"elementor-element elementor-element-59b158c e-con-full e-flex e-con e-child\" data-id=\"59b158c\" data-element_type=\"container\">\n\t\t\t\t<div class=\"elementor-element elementor-element-5a9eba3 elementor-widget elementor-widget-image\" data-id=\"5a9eba3\" data-element_type=\"widget\" data-widget_type=\"image.default\">\n\t\t\t\t<div class=\"elementor-widget-container\">\n\t\t\t\t\t\t\t\t\t\t\t\t\t\t\t<img decoding=\"async\" width=\"550\" height=\"450\" src=\"https:\/\/hotelhamiltonagadir.com\/wp-content\/uploads\/2025\/08\/spa-service.png\" class=\"img-fluid attachment-full size-full wp-image-23892 no-lazyload\" alt=\"\" srcset=\"https:\/\/hotelhamiltonagadir.com\/wp-content\/uploads\/2025\/08\/spa-service.png 550w, https:\/\/hotelhamiltonagadir.com\/wp-content\/uploads\/2025\/08\/spa-service-300x245.png 300w, https:\/\/hotelhamiltonagadir.com\/wp-content\/uploads\/2025\/08\/spa-service-15x12.png 15w\" sizes=\"(max-width: 550px) 100vw, 550px\" \/>\t\t\t\t\t\t\t\t\t\t\t\t\t\t\t<\/div>\n\t\t\t\t<\/div>\n\t\t\t\t<\/div>\n\t\t\t\t\t<\/div>\n\t\t\t\t<\/div>\n\t\t<div class=\"elementor-element elementor-element-6ef59d6 e-flex e-con-boxed e-con e-parent\" data-id=\"6ef59d6\" data-element_type=\"container\">\n\t\t\t\t\t<div class=\"e-con-inner\">\n\t\t<div class=\"elementor-element elementor-element-cd04f55 e-con-full e-flex e-con e-child\" data-id=\"cd04f55\" data-element_type=\"container\">\n\t\t\t\t<div class=\"elementor-element elementor-element-5a261df elementor-widget elementor-widget-image\" data-id=\"5a261df\" data-element_type=\"widget\" data-widget_type=\"image.default\">\n\t\t\t\t<div class=\"elementor-widget-container\">\n\t\t\t\t\t\t\t\t\t\t\t\t\t\t\t<img decoding=\"async\" width=\"550\" height=\"450\" src=\"https:\/\/hotelhamiltonagadir.com\/wp-content\/uploads\/2025\/08\/salle-events.png\" class=\"img-fluid attachment-full size-full wp-image-23930 no-lazyload\" alt=\"\" srcset=\"https:\/\/hotelhamiltonagadir.com\/wp-content\/uploads\/2025\/08\/salle-events.png 550w, https:\/\/hotelhamiltonagadir.com\/wp-content\/uploads\/2025\/08\/salle-events-300x245.png 300w, https:\/\/hotelhamiltonagadir.com\/wp-content\/uploads\/2025\/08\/salle-events-15x12.png 15w\" sizes=\"(max-width: 550px) 100vw, 550px\" \/>\t\t\t\t\t\t\t\t\t\t\t\t\t\t\t<\/div>\n\t\t\t\t<\/div>\n\t\t\t\t<\/div>\n\t\t<div class=\"elementor-element elementor-element-1861bf1 e-con-full e-flex e-con e-child\" data-id=\"1861bf1\" data-element_type=\"container\" data-settings=\"{&quot;background_background&quot;:&quot;classic&quot;}\">\n\t\t\t\t<div class=\"elementor-element elementor-element-52d9fe2 elementor-widget elementor-widget-heading\" data-id=\"52d9fe2\" data-element_type=\"widget\" data-widget_type=\"heading.default\">\n\t\t\t\t<div class=\"elementor-widget-container\">\n\t\t\t\t\t<h6 class=\"elementor-heading-title elementor-size-default\">EVENT ROOMS<\/h6>\t\t\t\t<\/div>\n\t\t\t\t<\/div>\n\t\t\t\t<div class=\"elementor-element elementor-element-99c3e7a elementor-widget elementor-widget-heading\" data-id=\"99c3e7a\" data-element_type=\"widget\" data-widget_type=\"heading.default\">\n\t\t\t\t<div class=\"elementor-widget-container\">\n\t\t\t\t\t<h2 class=\"elementor-heading-title elementor-size-default\">Events and meetings\n<\/h2>\t\t\t\t<\/div>\n\t\t\t\t<\/div>\n\t\t\t\t<div class=\"elementor-element elementor-element-2b97b5c elementor-widget elementor-widget-text-editor\" data-id=\"2b97b5c\" data-element_type=\"widget\" data-widget_type=\"text-editor.default\">\n\t\t\t\t<div class=\"elementor-widget-container\">\n\t\t\t\t\t\t\t\t\t<p><strong>Hotel Hamilton<\/strong> <strong>Agadir<\/strong> provides you with versatile, fully equipped spaces that are perfect for organizing your meetings, seminars, private events, or professional parties in Agadir.<\/p>\t\t\t\t\t\t\t\t<\/div>\n\t\t\t\t<\/div>\n\t\t\t\t<div class=\"elementor-element elementor-element-b273260 elementor-widget elementor-widget-button\" data-id=\"b273260\" data-element_type=\"widget\" data-widget_type=\"button.button-mytravel\">\n\t\t\t\t<div class=\"elementor-widget-container\">\n\t\t\t\t\t\t\t<div class=\"elementor-button-wrapper\">\n\t\t\t<a href=\"https:\/\/hotelhamiltonagadir.com\/en\/reunions-et-evenements\/\" class=\"mytravel-button elementor-button-link btn btn-outline-primary btn-sm\" role=\"button\">\n\t\t\t\t\t\t<span class=\"elementor-button-content-wrapper\">\n\t\t\t\t\t\t\t\t\t<span class=\"mytravel-button-text\">See more<\/span>\n\t\t\t\t\t<\/span>\n\t\t\t\t\t<\/a>\n\t\t<\/div>\n\t\t\t\t\t\t<\/div>\n\t\t\t\t<\/div>\n\t\t\t\t<\/div>\n\t\t\t\t\t<\/div>\n\t\t\t\t<\/div>\n\t\t<div class=\"elementor-element elementor-element-e0ae9c8 e-flex e-con-boxed e-con e-parent\" data-id=\"e0ae9c8\" data-element_type=\"container\">\n\t\t\t\t\t<div class=\"e-con-inner\">\n\t\t<div class=\"elementor-element elementor-element-6da9208 e-con-full e-flex e-con e-child\" data-id=\"6da9208\" data-element_type=\"container\" data-settings=\"{&quot;background_background&quot;:&quot;classic&quot;}\">\n\t\t\t\t<div class=\"elementor-element elementor-element-7494fd0 elementor-widget elementor-widget-heading\" data-id=\"7494fd0\" data-element_type=\"widget\" data-widget_type=\"heading.default\">\n\t\t\t\t<div class=\"elementor-widget-container\">\n\t\t\t\t\t<h6 class=\"elementor-heading-title elementor-size-default\">AUTHENTIC FLAVOURS TO DISCOVER<\/h6>\t\t\t\t<\/div>\n\t\t\t\t<\/div>\n\t\t\t\t<div class=\"elementor-element elementor-element-8ceba72 elementor-widget elementor-widget-heading\" data-id=\"8ceba72\" data-element_type=\"widget\" data-widget_type=\"heading.default\">\n\t\t\t\t<div class=\"elementor-widget-container\">\n\t\t\t\t\t<h2 class=\"elementor-heading-title elementor-size-default\">Restaurant and bar\n<\/h2>\t\t\t\t<\/div>\n\t\t\t\t<\/div>\n\t\t\t\t<div class=\"elementor-element elementor-element-430e7d7 elementor-widget elementor-widget-text-editor\" data-id=\"430e7d7\" data-element_type=\"widget\" data-widget_type=\"text-editor.default\">\n\t\t\t\t<div class=\"elementor-widget-container\">\n\t\t\t\t\t\t\t\t\t<p>Start the day with a full breakfast every morning at Hotel Hamilton Agadir.<\/p><p>Enjoy a variety of cuisine in our restaurant, relax in our bar, or enjoy lively evenings in our discotheque.<\/p>\t\t\t\t\t\t\t\t<\/div>\n\t\t\t\t<\/div>\n\t\t\t\t<div class=\"elementor-element elementor-element-7bb313e elementor-widget elementor-widget-button\" data-id=\"7bb313e\" data-element_type=\"widget\" data-widget_type=\"button.button-mytravel\">\n\t\t\t\t<div class=\"elementor-widget-container\">\n\t\t\t\t\t\t\t<div class=\"elementor-button-wrapper\">\n\t\t\t<a href=\"https:\/\/hotelhamiltonagadir.com\/en\/gastronomie\/\" class=\"mytravel-button elementor-button-link btn btn-outline-primary btn-sm\" role=\"button\">\n\t\t\t\t\t\t<span class=\"elementor-button-content-wrapper\">\n\t\t\t\t\t\t\t\t\t<span class=\"mytravel-button-text\">See more<\/span>\n\t\t\t\t\t<\/span>\n\t\t\t\t\t<\/a>\n\t\t<\/div>\n\t\t\t\t\t\t<\/div>\n\t\t\t\t<\/div>\n\t\t\t\t<\/div>\n\t\t<div class=\"elementor-element elementor-element-b7c3f8d e-con-full e-flex e-con e-child\" data-id=\"b7c3f8d\" data-element_type=\"container\">\n\t\t\t\t<div class=\"elementor-element elementor-element-9e2f739 elementor-widget elementor-widget-image\" data-id=\"9e2f739\" data-element_type=\"widget\" data-widget_type=\"image.default\">\n\t\t\t\t<div class=\"elementor-widget-container\">\n\t\t\t\t\t\t\t\t\t\t\t\t\t\t\t<img loading=\"lazy\" decoding=\"async\" width=\"550\" height=\"450\" src=\"https:\/\/hotelhamiltonagadir.com\/wp-content\/uploads\/2025\/08\/restaurant-service.png\" class=\"img-fluid attachment-full size-full wp-image-23890 no-lazyload\" alt=\"restaurant girona\" srcset=\"https:\/\/hotelhamiltonagadir.com\/wp-content\/uploads\/2025\/08\/restaurant-service.png 550w, https:\/\/hotelhamiltonagadir.com\/wp-content\/uploads\/2025\/08\/restaurant-service-300x245.png 300w, https:\/\/hotelhamiltonagadir.com\/wp-content\/uploads\/2025\/08\/restaurant-service-15x12.png 15w\" sizes=\"(max-width: 550px) 100vw, 550px\" \/>\t\t\t\t\t\t\t\t\t\t\t\t\t\t\t<\/div>\n\t\t\t\t<\/div>\n\t\t\t\t<\/div>\n\t\t\t\t\t<\/div>\n\t\t\t\t<\/div>\n\t\t<div class=\"elementor-element elementor-element-09b0100 e-flex e-con-boxed e-con e-parent\" data-id=\"09b0100\" data-element_type=\"container\">\n\t\t\t\t\t<div class=\"e-con-inner\">\n\t\t<div class=\"elementor-element elementor-element-e99f683 e-con-full e-flex e-con e-child\" data-id=\"e99f683\" data-element_type=\"container\">\n\t\t\t\t<div class=\"elementor-element elementor-element-ab92d93 elementor-widget elementor-widget-image\" data-id=\"ab92d93\" data-element_type=\"widget\" data-widget_type=\"image.default\">\n\t\t\t\t<div class=\"elementor-widget-container\">\n\t\t\t\t\t\t\t\t\t\t\t\t\t\t\t<img loading=\"lazy\" decoding=\"async\" width=\"550\" height=\"450\" src=\"https:\/\/hotelhamiltonagadir.com\/wp-content\/uploads\/2025\/08\/receptin24-24.png\" class=\"img-fluid attachment-full size-full wp-image-23891 no-lazyload\" alt=\"\" srcset=\"https:\/\/hotelhamiltonagadir.com\/wp-content\/uploads\/2025\/08\/receptin24-24.png 550w, https:\/\/hotelhamiltonagadir.com\/wp-content\/uploads\/2025\/08\/receptin24-24-300x245.png 300w, https:\/\/hotelhamiltonagadir.com\/wp-content\/uploads\/2025\/08\/receptin24-24-15x12.png 15w\" sizes=\"(max-width: 550px) 100vw, 550px\" \/>\t\t\t\t\t\t\t\t\t\t\t\t\t\t\t<\/div>\n\t\t\t\t<\/div>\n\t\t\t\t<\/div>\n\t\t<div class=\"elementor-element elementor-element-9ba5328 e-con-full e-flex e-con e-child\" data-id=\"9ba5328\" data-element_type=\"container\" data-settings=\"{&quot;background_background&quot;:&quot;classic&quot;}\">\n\t\t\t\t<div class=\"elementor-element elementor-element-458a23a elementor-widget elementor-widget-heading\" data-id=\"458a23a\" data-element_type=\"widget\" data-widget_type=\"heading.default\">\n\t\t\t\t<div class=\"elementor-widget-container\">\n\t\t\t\t\t<h6 class=\"elementor-heading-title elementor-size-default\">PERSONALIZED ATTENTION\n\n\n\n\n\n\n\n\n<\/h6>\t\t\t\t<\/div>\n\t\t\t\t<\/div>\n\t\t\t\t<div class=\"elementor-element elementor-element-ac071ae elementor-widget elementor-widget-heading\" data-id=\"ac071ae\" data-element_type=\"widget\" data-widget_type=\"heading.default\">\n\t\t\t\t<div class=\"elementor-widget-container\">\n\t\t\t\t\t<h2 class=\"elementor-heading-title elementor-size-default\">24h reception\n<\/h2>\t\t\t\t<\/div>\n\t\t\t\t<\/div>\n\t\t\t\t<div class=\"elementor-element elementor-element-2b7e6b8 elementor-widget elementor-widget-text-editor\" data-id=\"2b7e6b8\" data-element_type=\"widget\" data-widget_type=\"text-editor.default\">\n\t\t\t\t<div class=\"elementor-widget-container\">\n\t\t\t\t\t\t\t\t\t<p>In <strong>Hotel Hamilton<\/strong> <strong>Agadir<\/strong>our reception is open <strong>24h<\/strong>\/<strong>24<\/strong> to accompany you at all times. Our attentive team is always on hand to meet your needs and make your stay a pleasant, carefree experience.<\/p>\t\t\t\t\t\t\t\t<\/div>\n\t\t\t\t<\/div>\n\t\t\t\t<\/div>\n\t\t\t\t\t<\/div>\n\t\t\t\t<\/div>\n\t\t\t\t<\/div>","protected":false},"excerpt":{"rendered":"Nos Services Tarifs comp\u00e9titifs R\u00e9servation sur le site officiel Remises exclusives Uniquement sur le site officiel Destination id\u00e9ale Ajustez \u00e0 votre ambiance Attention personnalis\u00e9e R\u00e9ception 24h CONFORT ET D\u00c9TENTE AU C\u0152UR D\u2019AGADIR. Services de Hamilton Agadir \u00c0 l\u2019H\u00f4tel Hamilton Agadir, nous vous proposons une gamme compl\u00e8te de services con\u00e7us pour rendre votre s\u00e9jour agr\u00e9able, pratique&#8230;","protected":false},"author":1,"featured_media":15486,"parent":0,"menu_order":0,"comment_status":"closed","ping_status":"closed","template":"elementor_header_footer","meta":{"_acf_changed":false,"footnotes":""},"class_list":["post-23850","page","type-page","status-publish","has-post-thumbnail","hentry"],"acf":[],"_links":{"self":[{"href":"https:\/\/hotelhamiltonagadir.com\/en\/wp-json\/wp\/v2\/pages\/23850","targetHints":{"allow":["GET"]}}],"collection":[{"href":"https:\/\/hotelhamiltonagadir.com\/en\/wp-json\/wp\/v2\/pages"}],"about":[{"href":"https:\/\/hotelhamiltonagadir.com\/en\/wp-json\/wp\/v2\/types\/page"}],"author":[{"embeddable":true,"href":"https:\/\/hotelhamiltonagadir.com\/en\/wp-json\/wp\/v2\/users\/1"}],"replies":[{"embeddable":true,"href":"https:\/\/hotelhamiltonagadir.com\/en\/wp-json\/wp\/v2\/comments?post=23850"}],"version-history":[{"count":43,"href":"https:\/\/hotelhamiltonagadir.com\/en\/wp-json\/wp\/v2\/pages\/23850\/revisions"}],"predecessor-version":[{"id":24907,"href":"https:\/\/hotelhamiltonagadir.com\/en\/wp-json\/wp\/v2\/pages\/23850\/revisions\/24907"}],"wp:featuredmedia":[{"embeddable":true,"href":"https:\/\/hotelhamiltonagadir.com\/en\/wp-json\/wp\/v2\/media\/15486"}],"wp:attachment":[{"href":"https:\/\/hotelhamiltonagadir.com\/en\/wp-json\/wp\/v2\/media?parent=23850"}],"curies":[{"name":"wp","href":"https:\/\/api.w.org\/{rel}","templated":true}]}}