{"id":19048,"date":"2024-08-15T12:22:06","date_gmt":"2024-08-15T12:22:06","guid":{"rendered":"https:\/\/hotelhamiltonagadir.com\/?page_id=19048"},"modified":"2025-11-23T11:43:10","modified_gmt":"2025-11-23T10:43:10","slug":"menu-spa","status":"publish","type":"page","link":"https:\/\/hotelhamiltonagadir.com\/en\/menu-spa\/","title":{"rendered":"Menu Spa Hamilton Agadir : Massages et Soins du Corps"},"content":{"rendered":"<div data-elementor-type=\"wp-page\" data-elementor-id=\"19048\" class=\"elementor elementor-19048\" data-elementor-post-type=\"page\">\n\t\t\t\t\t\t<div class=\"elementor-section elementor-top-section elementor-element elementor-element-c9fc15a elementor-section-full_width hero-block hero-v4 bg-img-hero-bottom text-center z-index-2 elementor-reverse-tablet elementor-reverse-mobile elementor-section-height-default elementor-section-height-default\" data-id=\"c9fc15a\" data-element_type=\"section\" data-settings=\"{&quot;background_background&quot;:&quot;classic&quot;}\">\n\t\t\t\t\t\t<div class=\"elementor-container elementor-column-gap-default container pb-17\">\n\t\t\t\t\t<div class=\"elementor-column elementor-col-100 elementor-top-column elementor-element elementor-element-0df1584\" data-id=\"0df1584\" data-element_type=\"column\">\n\t\t\t<div class=\"elementor-widget-wrap\">\n\t\t\t\t\t\t\t<\/div>\n\t\t<\/div>\n\t\t\t\t\t<\/div>\n\t\t<\/div>\n\t\t\t\t<section class=\"elementor-section elementor-top-section elementor-element elementor-element-ac26536 elementor-section-boxed elementor-section-height-default elementor-section-height-default\" data-id=\"ac26536\" data-element_type=\"section\">\n\t\t\t\t\t\t<div class=\"elementor-container elementor-column-gap-default\">\n\t\t\t\t\t<div class=\"elementor-column elementor-col-100 elementor-top-column elementor-element elementor-element-4557471\" data-id=\"4557471\" data-element_type=\"column\">\n\t\t\t<div class=\"p-0 elementor-widget-wrap elementor-element-populated\">\n\t\t\t\t\t\t<div class=\"elementor-element elementor-element-f213483 w-md-100 w-lg-60 text-center mx-md-auto mb-5 mt-4 elementor-widget elementor-widget-highlighted-heading\" data-id=\"f213483\" data-element_type=\"widget\" data-widget_type=\"highlighted-heading.default\">\n\t\t\t\t<div class=\"elementor-widget-container\">\n\t\t\t\t\t<h1 class=\"mytravel-elementor-highlighted-heading__title section-title text-black font-size-30 font-weight-bold mb-0\">Massages, Body Treatments at the Hamilton Hotel Agadir Spa<\/h1>\t\t\t\t<\/div>\n\t\t\t\t<\/div>\n\t\t\t\t\t<\/div>\n\t\t<\/div>\n\t\t\t\t\t<\/div>\n\t\t<\/section>\n\t\t<div class=\"elementor-element elementor-element-c7d69e3 e-flex e-con-boxed e-con e-parent\" data-id=\"c7d69e3\" data-element_type=\"container\">\n\t\t\t\t\t<div class=\"e-con-inner\">\n\t\t\t\t<div class=\"elementor-element elementor-element-911fa46 elementor-widget elementor-widget-image\" data-id=\"911fa46\" data-element_type=\"widget\" data-widget_type=\"image.default\">\n\t\t\t\t<div class=\"elementor-widget-container\">\n\t\t\t\t\t\t\t\t\t\t\t\t\t\t\t<img fetchpriority=\"high\" decoding=\"async\" width=\"552\" height=\"1024\" src=\"https:\/\/hotelhamiltonagadir.com\/wp-content\/uploads\/2024\/08\/SpaMenu-552x1024.png\" class=\"img-fluid attachment-large size-large wp-image-19251 no-lazyload\" alt=\"Spa-carte de spa de l&#039;hotel Hamilton Agadir\" srcset=\"https:\/\/hotelhamiltonagadir.com\/wp-content\/uploads\/2024\/08\/SpaMenu-552x1024.png 552w, https:\/\/hotelhamiltonagadir.com\/wp-content\/uploads\/2024\/08\/SpaMenu-162x300.png 162w, https:\/\/hotelhamiltonagadir.com\/wp-content\/uploads\/2024\/08\/SpaMenu-768x1425.png 768w, https:\/\/hotelhamiltonagadir.com\/wp-content\/uploads\/2024\/08\/SpaMenu-828x1536.png 828w, https:\/\/hotelhamiltonagadir.com\/wp-content\/uploads\/2024\/08\/SpaMenu-1104x2048.png 1104w, https:\/\/hotelhamiltonagadir.com\/wp-content\/uploads\/2024\/08\/SpaMenu-6x12.png 6w, https:\/\/hotelhamiltonagadir.com\/wp-content\/uploads\/2024\/08\/SpaMenu-960x1781.png 960w\" sizes=\"(max-width: 552px) 100vw, 552px\" \/>\t\t\t\t\t\t\t\t\t\t\t\t\t\t\t<\/div>\n\t\t\t\t<\/div>\n\t\t\t\t\t<\/div>\n\t\t\t\t<\/div>\n\t\t<div class=\"elementor-element elementor-element-9f1f112 e-flex e-con-boxed e-con e-parent\" data-id=\"9f1f112\" data-element_type=\"container\">\n\t\t\t\t\t<div class=\"e-con-inner\">\n\t\t\t\t<div class=\"elementor-element elementor-element-23e2cbf elementor-widget elementor-widget-html\" data-id=\"23e2cbf\" data-element_type=\"widget\" data-widget_type=\"html.default\">\n\t\t\t\t<div class=\"elementor-widget-container\">\n\t\t\t\t\t<div class=\"elementor-widget-container\">\r\n    <div class=\"elementor-button-wrapper\">\r\n        <a href=\"https:\/\/hotelhamiltonagadir.com\/wp-content\/uploads\/2024\/08\/SpaMenu.png\" class=\"mytravel-button elementor-button-link btn btn-soft-primary btn-sm-menu no-lazyload\" role=\"button\" download>\r\n            <span class=\"elementor-button-content-wrapper\">\r\n                <span class=\"mytravel-button-text\">Download<\/span>\r\n            <\/span>\r\n        <\/a>\r\n    <\/div>\r\n<\/div>\r\n\t\t\t\t<\/div>\n\t\t\t\t<\/div>\n\t\t\t\t\t<\/div>\n\t\t\t\t<\/div>\n\t\t<div class=\"elementor-element elementor-element-f71ffc4 mt-3 e-flex e-con-boxed e-con e-parent\" data-id=\"f71ffc4\" data-element_type=\"container\">\n\t\t\t\t\t<div class=\"e-con-inner\">\n\t\t\t\t<div class=\"elementor-element elementor-element-0fd2572 w-md-80 w-lg-50 text-center mx-md-auto elementor-widget elementor-widget-highlighted-heading\" data-id=\"0fd2572\" data-element_type=\"widget\" data-widget_type=\"highlighted-heading.default\">\n\t\t\t\t<div class=\"elementor-widget-container\">\n\t\t\t\t\t<h2 class=\"mytravel-elementor-highlighted-heading__title section-title text-black font-size-30 font-weight-bold mb-5 pb-xl-1\">Need help?<\/h2>\t\t\t\t<\/div>\n\t\t\t\t<\/div>\n\t\t\t\t\t<\/div>\n\t\t\t\t<\/div>\n\t\t\t\t<section class=\"elementor-section elementor-top-section elementor-element elementor-element-ff93fcd mb-5  elementor-section-full_width elementor-section-height-default elementor-section-height-default\" data-id=\"ff93fcd\" data-element_type=\"section\">\n\t\t\t\t\t\t<div class=\"elementor-container elementor-column-gap-default\">\n\t\t\t\t\t<div class=\"elementor-column elementor-col-100 elementor-top-column elementor-element elementor-element-b7c9f5a\" data-id=\"b7c9f5a\" data-element_type=\"column\">\n\t\t\t<div class=\"elementor-widget-wrap elementor-element-populated\">\n\t\t\t\t\t\t<div class=\"elementor-section elementor-inner-section elementor-element elementor-element-ed9c954 elementor-section-full_width mb-5 elementor-section-height-default elementor-section-height-default\" data-id=\"ed9c954\" data-element_type=\"section\">\n\t\t\t\t\t\t<div class=\"elementor-container elementor-column-gap-default row\">\n\t\t\t\t\t<div class=\"elementor-column elementor-col-50 elementor-inner-column elementor-element elementor-element-11bee9a\" data-id=\"11bee9a\" data-element_type=\"column\">\n\t\t\t<div class=\"mb-5 mb-lg-0 text-center p-0 elementor-widget-wrap elementor-element-populated\">\n\t\t\t\t\t\t<div class=\"elementor-element elementor-element-393fd6c mb-0 elementor-widget elementor-widget-highlighted-heading\" data-id=\"393fd6c\" data-element_type=\"widget\" data-widget_type=\"highlighted-heading.default\">\n\t\t\t\t<div class=\"elementor-widget-container\">\n\t\t\t\t\t<h6 class=\"mytravel-elementor-highlighted-heading__title text-gray-3 font-weight-bold font-size-21\">Location<\/h6>\t\t\t\t<\/div>\n\t\t\t\t<\/div>\n\t\t\t\t<div class=\"elementor-element elementor-element-9bdbc56 mb-0 elementor-widget elementor-widget-highlighted-heading\" data-id=\"9bdbc56\" data-element_type=\"widget\" data-widget_type=\"highlighted-heading.default\">\n\t\t\t\t<div class=\"elementor-widget-container\">\n\t\t\t\t\t<p class=\"mytravel-elementor-highlighted-heading__title mb-1 text-gray-1\">Boulevard Mohamed V Agadir,80000<\/p>\t\t\t\t<\/div>\n\t\t\t\t<\/div>\n\t\t\t\t<div class=\"elementor-element elementor-element-1e92bf7 mb-0 elementor-widget elementor-widget-highlighted-heading\" data-id=\"1e92bf7\" data-element_type=\"widget\" data-widget_type=\"highlighted-heading.default\">\n\t\t\t\t<div class=\"elementor-widget-container\">\n\t\t\t\t\t<p class=\"mytravel-elementor-highlighted-heading__title text-gray-1 mb-3 mb-md-5\">Agadir, Morocco<\/p>\t\t\t\t<\/div>\n\t\t\t\t<\/div>\n\t\t\t\t\t<\/div>\n\t\t<\/div>\n\t\t\t\t<div class=\"elementor-column elementor-col-50 elementor-inner-column elementor-element elementor-element-62b6c23\" data-id=\"62b6c23\" data-element_type=\"column\">\n\t\t\t<div class=\"mb-5 mb-lg-0 text-center p-0 elementor-widget-wrap elementor-element-populated\">\n\t\t\t\t\t\t<div class=\"elementor-element elementor-element-ec37a3d mb-0 elementor-widget elementor-widget-highlighted-heading\" data-id=\"ec37a3d\" data-element_type=\"widget\" data-widget_type=\"highlighted-heading.default\">\n\t\t\t\t<div class=\"elementor-widget-container\">\n\t\t\t\t\t<h6 class=\"mytravel-elementor-highlighted-heading__title text-gray-3 font-weight-bold font-size-21\">Phone<\/h6>\t\t\t\t<\/div>\n\t\t\t\t<\/div>\n\t\t\t\t<div class=\"elementor-element elementor-element-78f897e mb-0 elementor-widget__width-inherit elementor-widget elementor-widget-highlighted-heading\" data-id=\"78f897e\" data-element_type=\"widget\" data-widget_type=\"highlighted-heading.default\">\n\t\t\t\t<div class=\"elementor-widget-container\">\n\t\t\t\t\t<p class=\"mytravel-elementor-highlighted-heading__title mb-1 text-gray-1\">+212 528840437<\/p>\t\t\t\t<\/div>\n\t\t\t\t<\/div>\n\t\t\t\t<div class=\"elementor-element elementor-element-cf353cb mb-0 elementor-widget__width-inherit elementor-widget elementor-widget-highlighted-heading\" data-id=\"cf353cb\" data-element_type=\"widget\" data-widget_type=\"highlighted-heading.default\">\n\t\t\t\t<div class=\"elementor-widget-container\">\n\t\t\t\t\t<p class=\"mytravel-elementor-highlighted-heading__title mb-1 text-gray-1\">+212 528840417<\/p>\t\t\t\t<\/div>\n\t\t\t\t<\/div>\n\t\t\t\t\t<\/div>\n\t\t<\/div>\n\t\t\t\t\t<\/div>\n\t\t<\/div>\n\t\t\t\t\t<\/div>\n\t\t<\/div>\n\t\t\t\t\t<\/div>\n\t\t<\/section>\n\t\t\t\t<\/div>","protected":false},"excerpt":{"rendered":"Massages, Soins du Corps au Spa de l&rsquo;H\u00f4tel Hamilton Agadir T\u00e9l\u00e8charger Besoin d&rsquo;Aide ? Localisation Boulevard Mohamed V Agadir,80000 Agadir, Maroc T\u00e9l\u00e9phone +212 528840437 +212 528840417","protected":false},"author":1,"featured_media":0,"parent":0,"menu_order":0,"comment_status":"closed","ping_status":"closed","template":"elementor_header_footer","meta":{"_acf_changed":false,"footnotes":""},"class_list":["post-19048","page","type-page","status-publish","hentry"],"acf":[],"_links":{"self":[{"href":"https:\/\/hotelhamiltonagadir.com\/en\/wp-json\/wp\/v2\/pages\/19048","targetHints":{"allow":["GET"]}}],"collection":[{"href":"https:\/\/hotelhamiltonagadir.com\/en\/wp-json\/wp\/v2\/pages"}],"about":[{"href":"https:\/\/hotelhamiltonagadir.com\/en\/wp-json\/wp\/v2\/types\/page"}],"author":[{"embeddable":true,"href":"https:\/\/hotelhamiltonagadir.com\/en\/wp-json\/wp\/v2\/users\/1"}],"replies":[{"embeddable":true,"href":"https:\/\/hotelhamiltonagadir.com\/en\/wp-json\/wp\/v2\/comments?post=19048"}],"version-history":[{"count":41,"href":"https:\/\/hotelhamiltonagadir.com\/en\/wp-json\/wp\/v2\/pages\/19048\/revisions"}],"predecessor-version":[{"id":24587,"href":"https:\/\/hotelhamiltonagadir.com\/en\/wp-json\/wp\/v2\/pages\/19048\/revisions\/24587"}],"wp:attachment":[{"href":"https:\/\/hotelhamiltonagadir.com\/en\/wp-json\/wp\/v2\/media?parent=19048"}],"curies":[{"name":"wp","href":"https:\/\/api.w.org\/{rel}","templated":true}]}}