{"id":17197,"date":"2024-06-24T21:37:08","date_gmt":"2024-06-24T21:37:08","guid":{"rendered":"https:\/\/hotelhamiltonagadir.com?page_id=17197"},"modified":"2026-03-07T13:20:37","modified_gmt":"2026-03-07T12:20:37","slug":"crocoparc-agadir-aventure-inoubliable","status":"publish","type":"page","link":"https:\/\/hotelhamiltonagadir.com\/en\/crocoparc-agadir-aventure-inoubliable\/","title":{"rendered":"CrocoParc Agadir : Une Rencontre Fascinante avec les Crocodiles"},"content":{"rendered":"\t\t<div data-elementor-type=\"wp-page\" data-elementor-id=\"17197\" class=\"elementor elementor-17197\" data-elementor-post-type=\"page\">\n\t\t\t\t\t\t<div class=\"elementor-section elementor-top-section elementor-element elementor-element-c9fc15a elementor-section-full_width hero-block hero-v4 bg-img-hero-bottom text-center z-index-2 elementor-reverse-tablet elementor-reverse-mobile elementor-section-height-default elementor-section-height-default\" data-id=\"c9fc15a\" data-element_type=\"section\" data-settings=\"{&quot;background_background&quot;:&quot;classic&quot;}\">\n\t\t\t\t\t\t<div class=\"elementor-container elementor-column-gap-default container pb-17\">\n\t\t\t\t\t<div class=\"elementor-column elementor-col-100 elementor-top-column elementor-element elementor-element-0df1584\" data-id=\"0df1584\" data-element_type=\"column\">\n\t\t\t<div class=\"elementor-widget-wrap\">\n\t\t\t\t\t\t\t<\/div>\n\t\t<\/div>\n\t\t\t\t\t<\/div>\n\t\t<\/div>\n\t\t<div class=\"elementor-element elementor-element-b8c6ce9 e-flex e-con-boxed e-con e-parent\" data-id=\"b8c6ce9\" data-element_type=\"container\">\n\t\t\t\t\t<div class=\"e-con-inner\">\n\t\t\t\t<div class=\"elementor-element elementor-element-17920cc elementor-widget elementor-widget-html\" data-id=\"17920cc\" data-element_type=\"widget\" data-widget_type=\"html.default\">\n\t\t\t\t<div class=\"elementor-widget-container\">\n\t\t\t\t\t<div id=\"content\" class=\"site-content text-break\" tabindex=\"-1\">\r\n\r\n<div class=\"mb-4 mb-lg-8 mt-5\">\r\n<img fetchpriority=\"high\" width=\"1920\" height=\"960w00\" src=\"https:\/\/hotelhamiltonagadir.com\/wp-content\/uploads\/2024\/06\/Crocoparc.jpg\" class=\"img-fluid no-lazyload\" alt=\"\" decoding=\"async\" srcset=\"https:\/\/hotelhamiltonagadir.com\/wp-content\/uploads\/2024\/06\/Crocoparc.jpg 1920w, https:\/\/hotelhamiltonagadir.com\/wp-content\/uploads\/2024\/06\/Crocoparc.jpg 960w, https:\/\/hotelhamiltonagadir.com\/wp-content\/uploads\/2024\/06\/Crocoparc.jpg 300w,https:\/\/hotelhamiltonagadir.com\/wp-content\/uploads\/2024\/06\/Crocoparc.jpg 1024w, https:\/\/hotelhamiltonagadir.com\/wp-content\/uploads\/2024\/06\/Crocoparc.jpg 768w, https:\/\/hotelhamiltonagadir.com\/wp-content\/uploads\/2024\/06\/Crocoparc.jpg 1536w\" sizes=\"(max-width: 1920px) 100vw, 1920px\"> <div class=\"container\">\r\n<div class=\"position-relative\">\r\n\r\n<\/div>\r\n<\/div>\r\n<\/div>\r\n<div class=\"container\">\r\n<div class=\"mb-4\">\r\n<div class=\"woocommerce-notices-wrapper\"><\/div> <\/div>\r\n<div class=\"row\">\r\n<div class=\"col-lg-8 col-xl-9\">\r\n<div id=\"product-450\" class=\"product type-product post-450 status-publish first instock product_cat-attraction-tickets product_cat-tour has-post-thumbnail virtual sold-individually purchasable product-type-booking\">\r\n<div class=\"d-block d-md-flex flex-center-between align-items-start mb-3\">\r\n<div class=\"mb-1\">\r\n<div class=\"mb-2 mb-md-0\">\r\n<h1 class=\"font-size-23 font-weight-bold mb-1 mr-3\">CrocoParc Agadir : le parc zoologique des crocodiles situ\u00e9 \u00e0 Drarga\r\n<\/h1> <\/div>\r\n<div class=\"mr-xl-3\">\r\n<\/div>\r\n<div class=\"d-block d-xl-flex flex-horizontal-center\">\r\n<div class=\"d-block d-md-flex flex-horizontal-center font-size-14 text-gray-1\">\r\n<i class=\"icon flaticon-placeholder mr-2 font-size-20\"><\/i>\r\nAgadir, Maroc<a href=\"javascript:;\" data-src=\"#hotel-map\" data-speed=\"700\" class=\"js-fancybox ml-1 d-block d-md-inline\"> - Voir sur la carte<\/a>\r\n<\/div>\r\n\r\n<\/div>\r\n<\/div>\r\n\r\n<\/div>\r\n<div id=\"hotel-map\" style=\"display: none; width: 80%; height: 80%;\">\r\n<div class=\"acf-map\" data-zoom=\"16\"><div style=\"height: 100%; width: 100%;\"><div style=\"overflow: hidden;\"><\/div><\/div><\/div>\r\n<\/div>\r\n\r\n<div id=\"single-hotel__description\" class=\"border-bottom position-relative\">\r\n<h5 id=\"scroll-description\" class=\"font-size-21 font-weight-bold text-dark\">\r\nDescription <\/h5>\r\n<div class=\"description\">\r\n<p>Le Crocopark d'Agadir est une destination unique et fascinante qui abrite plus de 300 crocodiles du Nil, dont certains mesurent d\u00e9j\u00e0 plus de 3 m\u00e8tres de long. Ces cr\u00e9atures impressionnantes se prom\u00e8nent librement dans un jardin botanique magnifiquement am\u00e9nag\u00e9 et cl\u00f4tur\u00e9. Outre les crocodiles, les visiteurs peuvent \u00e9galement rencontrer des tortues g\u00e9antes qui se prom\u00e8nent tranquillement et, avec un peu de chance, observer des iguanes qui se pr\u00e9lassent au soleil pendant les heures les plus chaudes de la journ\u00e9e.<\/p>\r\n<div>\r\n<div class=\"col-md-9 mb-4\">\r\n<div class=\"font-weight-bold font-size-18 text-dark mb-2\">Points forts du Crocopark Agadir\r\n\r\n<\/div>\r\n<div class=\"text-gray-1 text-justify\">\r\n<li class=\"noDot\">Crocodiles du Nil\r\n\r\n<\/li>\r\nLa principale attraction de Crocopark est sa population de crocodiles du Nil. Ces reptiles, connus pour leur taille et leur force formidables, peuvent \u00eatre observ\u00e9s dans leurs enclos naturels, ce qui permet de d\u00e9couvrir de pr\u00e8s leur comportement et leur mode de vie. La conception du parc garantit la s\u00e9curit\u00e9 des animaux et des visiteurs, ce qui permet d'observer les animaux en toute s\u00e9curit\u00e9 et en toute intimit\u00e9.\r\n<li class=\"noDot\">Jardin botanique\r\n<\/li>\r\nCrocopark ne se limite pas aux crocodiles ; il s'enorgueillit \u00e9galement d'un jardin botanique riche et vari\u00e9. Le jardin est m\u00e9ticuleusement entretenu et pr\u00e9sente une grande vari\u00e9t\u00e9 d'esp\u00e8ces v\u00e9g\u00e9tales, offrant un environnement serein et pittoresque. La verdure luxuriante et la flore soigneusement arrang\u00e9e cr\u00e9ent une toile de fond parfaite pour les enclos des crocodiles et les autres habitats des animaux.\r\n<li class=\"noDot\">Tortues g\u00e9antes\r\n<\/li>    \r\nEn vous promenant dans le parc, vous rencontrerez peut-\u00eatre des tortues g\u00e9antes qui se d\u00e9placent \u00e0 leur propre rythme. Ces douces cr\u00e9atures ajoutent au charme du parc et offrent un contraste int\u00e9ressant avec les crocodiles plus dynamiques. L'observation des tortues peut \u00eatre une exp\u00e9rience apaisante, mettant en valeur la diversit\u00e9 de la faune et de la flore du parc.\r\n<li class=\"noDot\">Iguanes\r\n<\/li>    \r\nPour ceux qui visitent le parc aux heures les plus chaudes de la journ\u00e9e, il y a une chance de voir des iguanes profiter du soleil. Ces reptiles se pr\u00e9lassent souvent sur des rochers ou des branches, profitant de la chaleur. Leur pr\u00e9sence ajoute un int\u00e9r\u00eat suppl\u00e9mentaire \u00e0 la visite, en pr\u00e9sentant une vari\u00e9t\u00e9 de vie reptilienne en un seul endroit.\r\n<\/div>\r\n<\/div>\r\n\r\n\r\n\r\n\r\n\r\n<\/div>\r\n<div id=\"collapseLinkExample\" class=\"collapse show\" style=\"\">\r\n<div>\r\n\r\n\r\n\r\n<div class=\"col-md-9 mb-4 text-justify\">\r\n<div class=\"font-weight-bold font-size-18 text-dark mb-2\">Informations pour les visiteurs\r\n\r\n<\/div>\r\n<div class=\"text-gray-1\"><li class=\"noDot\">S\u00e9curit\u00e9 : Le parc a \u00e9t\u00e9 con\u00e7u en accordant la plus grande attention \u00e0 la s\u00e9curit\u00e9 et en garantissant des zones d'observation s\u00fbres pour tous les visiteurs.<\/li><li class=\"noDot\">Possibilit\u00e9s d'\u00e9ducation : Crocopark propose des programmes \u00e9ducatifs et des informations sur les animaux et les plantes du parc, ce qui en fait une excellente exp\u00e9rience d'apprentissage pour les enfants comme pour les adultes.\r\n<\/li><li class=\"noDot\">Familial : le parc est adapt\u00e9 aux visiteurs de tous \u00e2ges, avec des sentiers et des installations con\u00e7us pour accueillir les familles.\r\n<\/li><li class=\"noDot\">Photographie : Les visiteurs sont invit\u00e9s \u00e0 se munir d'un appareil photo pour immortaliser la faune et la flore \u00e9poustouflantes et les magnifiques jardins.\r\n<\/li>\r\n<\/div>\r\n\r\n<\/div><div class=\"col-md-9 mb-4 text-justify\">\r\n\r\n<div class=\"text-gray-1 text-justify\">En r\u00e9sum\u00e9, Crocopark Agadir est une destination incontournable pour tous ceux qui s'int\u00e9ressent \u00e0 la faune et \u00e0 la flore, en particulier aux reptiles. La combinaison de crocodiles du Nil, de tortues g\u00e9antes et d'iguanes, le tout dans un jardin botanique luxuriant, cr\u00e9e une exp\u00e9rience unique et m\u00e9morable. Que vous soyez un passionn\u00e9 de la nature, une famille \u00e0 la recherche d'une sortie \u00e9ducative ou simplement curieux de ces animaux fascinants, Crocopark vous propose une aventure captivante et agr\u00e9able.\r\n<\/div>\r\n<\/div>\r\n<\/div>\r\n\r\n<\/div>\r\n<p class=\"mb-0\"><a class=\"link-collapse link-collapse-custom gradient-overlay-half mb-5 d-inline-block border-bottom border-primary\" role=\"button\" href=\"#collapseLinkExample\" data-toggle=\"collapse\" aria-expanded=\"true\" aria-controls=\"collapseLinkExample\"><span class=\"link-collapse__default font-size-14\">Voir plus <i class=\"flaticon-down-chevron font-size-10 ml-1\"><\/i><\/span><span class=\"link-collapse__active font-size-14\">Voir moins <i class=\"flaticon-arrow font-size-10 ml-1\"><\/i><\/span><\/a><\/p>\r\n\r\n<\/div>\r\n<\/div>\r\n\r\n\r\n\r\n\r\n\r\n<\/div>\r\n<\/div>\r\n<div class=\"col-lg-4 col-xl-3\">\r\n\r\n<div class=\"border border-color-7 rounded p-4 mb-5\">\r\n<h6 class=\"font-size-17 font-weight-bold text-gray-3 mx-1 mb-3 pb-1\">Transport depuis l'h\u00f4tel !<\/h6>\r\n<div>\r\n<ul class=\"list-group list-group-borderless list-group-vertical list-group-flush no-gutters row\">\r\n  <!-- Existing items -->\r\n \r\n  <!-- Digital Key -->\r\n  <li class=\"col-md-10 list-group-item\">\r\n    <div class=\"d-flex align-items-center\">\r\n      <i class=\"feature-icon text-primary mr-2 fa-fw fa-fh\"><svg version=\"1.1\" id=\"Calque_1\" xmlns=\"http:\/\/www.w3.org\/2000\/svg\" xmlns:xlink=\"http:\/\/www.w3.org\/1999\/xlink\" x=\"0px\" y=\"0px\" viewBox=\"0 0 56 56\" style=\"enable-background:new 0 0 56 56;\" xml:space=\"preserve\">\r\n<style type=\"text\/css\">\r\n\t.st0{fill:#2B7DBC;}\r\n<\/style>\r\n<path class=\"st0\" d=\"M50.5,26.2l-2.4-10.6c-1-4.4-4.5-7.6-8.4-7.6h-1.2V4c0-2.2-1.6-4-3.5-4H21c-1.9,0-3.5,1.8-3.5,4v4h-1.2\tc-3.8,0-7.3,3.2-8.4,7.6L5.5,26.2C2.3,27,0,30.2,0,34v6c0,3,1.4,5.5,3.5,6.9V52c0,2.2,1.6,4,3.5,4h3.5c1.9,0,3.5-1.8,3.5-4v-4h28v4\tc0,2.2,1.6,4,3.5,4H49c1.9,0,3.5-1.8,3.5-4v-5.1C54.6,45.5,56,43,56,40v-6C56,30.2,53.7,27,50.5,26.2z M10.5,40C8.6,40,7,38.2,7,36\ts1.6-4,3.5-4s3.5,1.8,3.5,4S12.4,40,10.5,40z M12.7,26l1.9-8.3c0.2-1,1-1.7,1.6-1.7h23.5c0.6,0,1.4,0.7,1.6,1.6l1.9,8.4H12.7\tL12.7,26z M45.5,40c-1.9,0-3.5-1.8-3.5-4s1.6-4,3.5-4s3.5,1.8,3.5,4S47.4,40,45.5,40z\"><\/path>\r\n<\/svg><\/i>\r\n      <span>Taxi dans 30 min\r\n\r\n<\/span>\r\n    <\/div>\r\n  <\/li>\r\n  \r\n   <!-- Connecting Rooms -->\r\n  <li class=\"col-md-10 list-group-item\">\r\n    <div class=\"d-flex align-items-center\">\r\n      <i class=\"feature-icon text-primary mr-2 fa-fw fa-fh\"><svg version=\"1.1\" id=\"Calque_1\" xmlns=\"http:\/\/www.w3.org\/2000\/svg\" xmlns:xlink=\"http:\/\/www.w3.org\/1999\/xlink\" x=\"0px\" y=\"0px\" viewBox=\"0 0 512 512\" style=\"enable-background:new 0 0 512 512;\" xml:space=\"preserve\">\r\n<style type=\"text\/css\">\r\n\t.st0{fill:#2B7DBC;}\r\n<\/style>\r\n<path class=\"st0\" d=\"M488,128h-8V80c0-44.8-99.2-80-224-80S32,35.2,32,80v48h-8c-13.2,0-24,10.7-24,24v80c0,13.2,10.8,24,24,24h8\tv160c0,17.7,14.3,32,32,32v32c0,17.7,14.3,32,32,32h32c17.7,0,32-14.3,32-32v-32h192v32c0,17.7,14.3,32,32,32h32\tc17.7,0,32-14.3,32-32v-32h6.4c16,0,25.6-12.8,25.6-25.6V256h8c13.2,0,24-10.8,24-24v-80C512,138.7,501.2,128,488,128z M112,400\tc-17.7,0-32-14.3-32-32s14.3-32,32-32s32,14.3,32,32S129.7,400,112,400z M128,288c-17.7,0-32-14.3-32-32V128c0-17.7,14.3-32,32-32\th256c17.7,0,32,14.3,32,32v128c0,17.7-14.3,32-32,32H128z M400,400c-17.7,0-32-14.3-32-32s14.3-32,32-32s32,14.3,32,32\tS417.7,400,400,400z\"><\/path>\r\n<\/svg><\/i>\r\n      <span>Bus ALsa dans 1h 05 min<\/span>\r\n    <\/div>\r\n  <\/li>\r\n  \r\n    <!-- Free Wifi -->\r\n  \r\n<\/ul><\/div>\r\n\r\n\r\n\r\n<\/div>\r\n<\/div>\r\n<\/div>\r\n<\/div>\r\n<div class=\"border-bottom border-gray-33 related product-card-block product-card-v3\">\r\n\r\n<\/div>\r\n<\/div>\t\t\t\t<\/div>\n\t\t\t\t<\/div>\n\t\t\t\t\t<\/div>\n\t\t\t\t<\/div>\n\t\t\t\t<div class=\"elementor-section elementor-top-section elementor-element elementor-element-f36bc11 elementor-section-full_width deals-carousel-block deals-carousel-v1 border-color-8 elementor-section-height-default elementor-section-height-default\" data-id=\"f36bc11\" data-element_type=\"section\">\n\t\t\t\t\t\t<div class=\"elementor-container elementor-column-gap-default container space-1\">\n\t\t\t\t\t<div class=\"elementor-column elementor-col-100 elementor-top-column elementor-element elementor-element-4e2cf3f\" data-id=\"4e2cf3f\" data-element_type=\"column\">\n\t\t\t<div class=\"p-0 elementor-widget-wrap elementor-element-populated\">\n\t\t\t\t\t\t<div class=\"elementor-element elementor-element-e6ae8ab mb-0 elementor-widget elementor-widget-highlighted-heading\" data-id=\"e6ae8ab\" data-element_type=\"widget\" data-widget_type=\"highlighted-heading.default\">\n\t\t\t\t<div class=\"elementor-widget-container\">\n\t\t\t\t\t<h2 class=\"mytravel-elementor-highlighted-heading__title section-title text-center mb-5 mt-3\">Activit\u00e9s<\/h2>\t\t\t\t<\/div>\n\t\t\t\t<\/div>\n\t\t\t\t<div class=\"elementor-element elementor-element-d78ce0f elementor-widget elementor-widget-myt-deal-carousel\" data-id=\"d78ce0f\" data-element_type=\"widget\" data-settings=\"{&quot;fade&quot;:&quot;no&quot;}\" data-widget_type=\"myt-deal-carousel.deal-carousel-v1\">\n\t\t\t\t<div class=\"elementor-widget-container\">\n\t\t\t\t\t\r\n\t\t<div class=\"js-slick-carousel u-slick u-slick--gutters-3 mytravel-6a01ecc552435\" data-slides-show=\"4\" data-ride=\"slick\" data-responsive=\"[{&quot;breakpoint&quot;:1025,&quot;settings&quot;:{&quot;slidesToShow&quot;:4}},{&quot;breakpoint&quot;:992,&quot;settings&quot;:{&quot;slidesToShow&quot;:2}},{&quot;breakpoint&quot;:768,&quot;settings&quot;:{&quot;slidesToShow&quot;:2}},{&quot;breakpoint&quot;:554,&quot;settings&quot;:{&quot;slidesToShow&quot;:1}}]\" data-center-mode=\"0\" data-autoplay=\"\" data-autoplay-speed=\"3000\" data-pagi-classes=\"text-center u-slick__pagination mt-4 d-lg-none\" data-infinite=\"\" data-fade=\"\" data-rows=\"\" data-arrows-classes=\"elementor-slick-arrow d-none d-lg-inline-block u-slick__arrow-classic u-slick__arrow-centered--y rounded-circle u-slick__arrow-classic--v1\" data-arrow-left-classes=\"fas fa-chevron-left u-slick__arrow-classic-inner u-slick__arrow-classic-inner--left ml-xl-n8\" data-arrow-right-classes=\"fas fa-chevron-right u-slick__arrow-classic-inner u-slick__arrow-classic-inner--right mr-xl-n8\">\r\n\t\t\t \r\n\t\t\t<div class=\"js-slide mb-4\">\r\n\t\t\t\t        <!-- Image -->\r\n        <a class=\"d-block rounded-xs overflow-hidden mb-3 \" href=\"https:\/\/hotelhamiltonagadir.com\/explorez-les-tresors-de-la-medina-dagadir\">\r\n            <img fetchpriority=\"high\" decoding=\"async\" width=\"410\" height=\"300\" src=\"https:\/\/hotelhamiltonagadir.com\/wp-content\/uploads\/2024\/05\/Image1.png\" class=\"img-fluid w-100 attachment-full size-full wp-image-13597 no-lazyload\" alt=\"H\u00f4tel \u00e0 Agadir`- Patrimoine berb\u00e8re\" \/>        <\/a>\r\n            <h6 class=\"mytravel-elementor-title__name font-size-17 pt-xl-1 font-weight-bold mb-1 text-gray-6\">\r\n        <a class=\"custom-title-color\" href=\"https:\/\/hotelhamiltonagadir.com\/explorez-les-tresors-de-la-medina-dagadir\">\r\n            M\u00e9dina d&#039;Agadir           \r\n        <\/a>\r\n    <\/h6>\r\n            <a class=\"mytravel-elementor-excerpt__name text-gray-1\" href=\"https:\/\/hotelhamiltonagadir.com\/explorez-les-tresors-de-la-medina-dagadir\">\r\n            <span class=\"custom-excerpt-color\">aller \u00e0 la D\u00e9couverte de la M\u00e9dina d&#039;Agadir ou M\u00e9dina<\/span>\r\n        <\/a>\r\n        \t\t\t<\/div>\r\n\t\t\t \r\n\t\t\t<div class=\"js-slide mb-4\">\r\n\t\t\t\t        <!-- Image -->\r\n        <a class=\"d-block rounded-xs overflow-hidden mb-3 \" href=\"https:\/\/hotelhamiltonagadir.com\/patrimoine-berbere-agadir\">\r\n            <img decoding=\"async\" width=\"410\" height=\"300\" src=\"https:\/\/hotelhamiltonagadir.com\/wp-content\/uploads\/2024\/05\/Image2.png\" class=\"img-fluid w-100 attachment-full size-full wp-image-13599 no-lazyload\" alt=\"H\u00f4tel \u00e0 Agadir- La musee manicipale\" \/>        <\/a>\r\n            <h6 class=\"mytravel-elementor-title__name font-size-17 pt-xl-1 font-weight-bold mb-1 text-gray-6\">\r\n        <a class=\"custom-title-color\" href=\"https:\/\/hotelhamiltonagadir.com\/patrimoine-berbere-agadir\">\r\n            Patrimoine berb\u00e8re d&#039;Agadir \r\n        <\/a>\r\n    <\/h6>\r\n            <a class=\"mytravel-elementor-excerpt__name text-gray-1\" href=\"https:\/\/hotelhamiltonagadir.com\/patrimoine-berbere-agadir\">\r\n            <span class=\"custom-excerpt-color\">la m\u00e9moire du patrimoine berb\u00e8re du Souss Massa <\/span>\r\n        <\/a>\r\n        \t\t\t<\/div>\r\n\t\t\t \r\n\t\t\t<div class=\"js-slide mb-4\">\r\n\t\t\t\t        <!-- Image -->\r\n        <a class=\"d-block rounded-xs overflow-hidden mb-3 \" href=\"https:\/\/hotelhamiltonagadir.com\/crocoparc-agadir\/\">\r\n            <img decoding=\"async\" width=\"410\" height=\"300\" src=\"https:\/\/hotelhamiltonagadir.com\/wp-content\/uploads\/2024\/05\/Image3.png\" class=\"img-fluid w-100 attachment-full size-full wp-image-13600 no-lazyload\" alt=\"H\u00f4tel \u00e0 Agadir Crocoparc d&#039;Agadir\" \/>        <\/a>\r\n            <h6 class=\"mytravel-elementor-title__name font-size-17 pt-xl-1 font-weight-bold mb-1 text-gray-6\">\r\n        <a class=\"custom-title-color\" href=\"https:\/\/hotelhamiltonagadir.com\/crocoparc-agadir\/\">\r\n            CrocoParc Agadir           \r\n        <\/a>\r\n    <\/h6>\r\n            <a class=\"mytravel-elementor-excerpt__name text-gray-1\" href=\"https:\/\/hotelhamiltonagadir.com\/crocoparc-agadir\/\">\r\n            <span class=\"custom-excerpt-color\">le parc zoologique des crocodiles situ\u00e9 \u00e0 Drarga<\/span>\r\n        <\/a>\r\n        \t\t\t<\/div>\r\n\t\t\t \r\n\t\t\t<div class=\"js-slide mb-4\">\r\n\t\t\t\t        <!-- Image -->\r\n        <a class=\"d-block rounded-xs overflow-hidden mb-3 \" href=\"https:\/\/hotelhamiltonagadir.com\/telepherique-dagadir\/\">\r\n            <img loading=\"lazy\" decoding=\"async\" width=\"410\" height=\"300\" src=\"https:\/\/hotelhamiltonagadir.com\/wp-content\/uploads\/2024\/05\/Image4.png\" class=\"img-fluid w-100 attachment-full size-full wp-image-13647 no-lazyload\" alt=\"Patrimoine berb\u00e8re d&#039;agadir-Le telepherique de la ville d&#039;Agadir , vue paronamique\" \/>        <\/a>\r\n            <h6 class=\"mytravel-elementor-title__name font-size-17 pt-xl-1 font-weight-bold mb-1 text-gray-6\">\r\n        <a class=\"custom-title-color\" href=\"https:\/\/hotelhamiltonagadir.com\/telepherique-dagadir\/\">\r\n            Le t\u00e9l\u00e9ph\u00e9rique d&#039;Agadir \r\n        <\/a>\r\n    <\/h6>\r\n            <a class=\"mytravel-elementor-excerpt__name text-gray-1\" href=\"https:\/\/hotelhamiltonagadir.com\/telepherique-dagadir\/\">\r\n            <span class=\"custom-excerpt-color\">le premier t\u00e9l\u00e9ph\u00e9rique, reliant Agadir \u00e0 sa Kasbah<\/span>\r\n        <\/a>\r\n        \t\t\t<\/div>\r\n\t\t\t\t\t<\/div>\r\n\t\t\t\t\t\t<\/div>\n\t\t\t\t<\/div>\n\t\t\t\t\t<\/div>\n\t\t<\/div>\n\t\t\t\t\t<\/div>\n\t\t<\/div>\n\t\t\t\t<\/div>\n\t\t","protected":false},"excerpt":{"rendered":"CrocoParc Agadir : le parc zoologique des crocodiles situ\u00e9 \u00e0 Drarga Agadir, Maroc &#8211; Voir sur la carte Description Le Crocopark d&rsquo;Agadir est une destination unique et fascinante qui abrite plus de 300 crocodiles du Nil, dont certains mesurent d\u00e9j\u00e0 plus de 3 m\u00e8tres de long. Ces cr\u00e9atures impressionnantes se prom\u00e8nent librement dans un jardin&#8230;","protected":false},"author":1,"featured_media":13600,"parent":0,"menu_order":0,"comment_status":"closed","ping_status":"closed","template":"elementor_header_footer","meta":{"_acf_changed":false,"footnotes":""},"class_list":["post-17197","page","type-page","status-publish","has-post-thumbnail","hentry"],"acf":[],"_links":{"self":[{"href":"https:\/\/hotelhamiltonagadir.com\/en\/wp-json\/wp\/v2\/pages\/17197","targetHints":{"allow":["GET"]}}],"collection":[{"href":"https:\/\/hotelhamiltonagadir.com\/en\/wp-json\/wp\/v2\/pages"}],"about":[{"href":"https:\/\/hotelhamiltonagadir.com\/en\/wp-json\/wp\/v2\/types\/page"}],"author":[{"embeddable":true,"href":"https:\/\/hotelhamiltonagadir.com\/en\/wp-json\/wp\/v2\/users\/1"}],"replies":[{"embeddable":true,"href":"https:\/\/hotelhamiltonagadir.com\/en\/wp-json\/wp\/v2\/comments?post=17197"}],"version-history":[{"count":27,"href":"https:\/\/hotelhamiltonagadir.com\/en\/wp-json\/wp\/v2\/pages\/17197\/revisions"}],"predecessor-version":[{"id":24555,"href":"https:\/\/hotelhamiltonagadir.com\/en\/wp-json\/wp\/v2\/pages\/17197\/revisions\/24555"}],"wp:featuredmedia":[{"embeddable":true,"href":"https:\/\/hotelhamiltonagadir.com\/en\/wp-json\/wp\/v2\/media\/13600"}],"wp:attachment":[{"href":"https:\/\/hotelhamiltonagadir.com\/en\/wp-json\/wp\/v2\/media?parent=17197"}],"curies":[{"name":"wp","href":"https:\/\/api.w.org\/{rel}","templated":true}]}}