{"id":17158,"date":"2024-06-24T18:03:33","date_gmt":"2024-06-24T18:03:33","guid":{"rendered":"https:\/\/hotelhamiltonagadir.com?page_id=17158"},"modified":"2025-11-23T11:11:19","modified_gmt":"2025-11-23T10:11:19","slug":"telepherique-dagadir","status":"publish","type":"page","link":"https:\/\/hotelhamiltonagadir.com\/en\/telepherique-dagadir\/","title":{"rendered":"T\u00e9l\u00e9ph\u00e9rique d&rsquo;Agadir : Un Voyage Unique vers la Kasbah"},"content":{"rendered":"\t\t<div data-elementor-type=\"wp-page\" data-elementor-id=\"17158\" class=\"elementor elementor-17158\" data-elementor-post-type=\"page\">\n\t\t\t\t\t\t<div class=\"elementor-section elementor-top-section elementor-element elementor-element-c9fc15a elementor-section-full_width hero-block hero-v4 bg-img-hero-bottom text-center z-index-2 elementor-reverse-tablet elementor-reverse-mobile elementor-section-height-default elementor-section-height-default\" data-id=\"c9fc15a\" data-element_type=\"section\" data-settings=\"{&quot;background_background&quot;:&quot;classic&quot;}\">\n\t\t\t\t\t\t<div class=\"elementor-container elementor-column-gap-default container pb-17\">\n\t\t\t\t\t<div class=\"elementor-column elementor-col-100 elementor-top-column elementor-element elementor-element-0df1584\" data-id=\"0df1584\" data-element_type=\"column\">\n\t\t\t<div class=\"elementor-widget-wrap\">\n\t\t\t\t\t\t\t<\/div>\n\t\t<\/div>\n\t\t\t\t\t<\/div>\n\t\t<\/div>\n\t\t<div class=\"elementor-element elementor-element-b8c6ce9 e-flex e-con-boxed e-con e-parent\" data-id=\"b8c6ce9\" data-element_type=\"container\">\n\t\t\t\t\t<div class=\"e-con-inner\">\n\t\t\t\t<div class=\"elementor-element elementor-element-17920cc elementor-widget elementor-widget-html\" data-id=\"17920cc\" data-element_type=\"widget\" data-widget_type=\"html.default\">\n\t\t\t\t<div class=\"elementor-widget-container\">\n\t\t\t\t\t<div id=\"content\" class=\"site-content text-break\" tabindex=\"-1\">\r\n\r\n<div class=\"mb-4 mb-lg-8 mt-5\">\r\n<img data-lazyloaded=\"1\" src=\"https:\/\/hotelhamiltonagadir.com\/wp-content\/uploads\/2024\/07\/khalid-hamil2.jpg\" fetchpriority=\"high\" width=\"1920\" height=\"960w00\" data-src=\"https:\/\/hotelhamiltonagadir.com\/wp-content\/uploads\/2024\/07\/khalid-hamil2.jpg\" class=\"img-fluid entered litespeed-loaded no-lazyload\" alt=\"\" decoding=\"async\" data-srcset=\"https:\/\/hotelhamiltonagadir.com\/wp-content\/uploads\/2024\/07\/khalid-hamil2.jpg 960w, https:\/\/hotelhamiltonagadir.com\/wp-content\/uploads\/2024\/07\/khalid-hamil2.jpg 300w,https:\/\/hotelhamiltonagadir.com\/wp-content\/uploads\/2024\/07\/khalid-hamil2.jpg 1024w, https:\/\/hotelhamiltonagadir.com\/wp-content\/uploads\/2024\/07\/khalid-hamil2.jpg 768w,https:\/\/hotelhamiltonagadir.com\/wp-content\/uploads\/2024\/07\/khalid-hamil2.jpg 1536w\" data-sizes=\"(max-width: 1920px) 100vw, 1920px\" data-ll-status=\"loaded\" sizes=\"(max-width: 1920px) 100vw, 1920px\" srcset=\"https:\/\/hotelhamiltonagadir.com\/wp-content\/uploads\/2024\/07\/khalid-hamil2.jpg 960w, https:\/\/hotelhamiltonagadir.com\/wp-content\/uploads\/2024\/07\/khalid-hamil2.jpg 300w,https:\/\/hotelhamiltonagadir.com\/wp-content\/uploads\/2024\/07\/khalid-hamil2.jpg 1024w, https:\/\/hotelhamiltonagadir.com\/wp-content\/uploads\/2024\/07\/khalid-hamil2.jpg 768w,https:\/\/hotelhamiltonagadir.com\/wp-content\/uploads\/2024\/07\/khalid-hamil2.jpg 1536w\"> <div class=\"container\">\r\n\r\n<\/div>\r\n<\/div>\r\n<div class=\"container\">\r\n<div class=\"mb-4\">\r\n<div class=\"woocommerce-notices-wrapper\"><\/div> <\/div>\r\n<div class=\"row\">\r\n<div class=\"col-lg-8 col-xl-9\">\r\n<div id=\"product-450\" class=\"product type-product post-450 status-publish first instock product_cat-attraction-tickets product_cat-tour has-post-thumbnail virtual sold-individually purchasable product-type-booking\">\r\n<div class=\"d-block d-md-flex flex-center-between align-items-start mb-3\">\r\n<div class=\"mb-1\">\r\n<div class=\"mb-2 mb-md-0\">\r\n<h1 class=\"font-size-23 font-weight-bold mb-1 mr-3\">Le t\u00e9l\u00e9ph\u00e9rique d'Agadir : le premier t\u00e9l\u00e9ph\u00e9rique, reliant Agadir \u00e0 sa Kasbah\r\n<\/h1> <\/div>\r\n<div class=\"mr-xl-3\">\r\n<\/div>\r\n<div class=\"d-block d-xl-flex flex-horizontal-center\">\r\n<div class=\"d-block d-md-flex flex-horizontal-center font-size-14 text-gray-1\">\r\n<i class=\"icon flaticon-placeholder mr-2 font-size-20\"><\/i>\r\nAgadir, Maroc<a href=\"https:\/\/maps.app.goo.gl\/oZFfrH1HghYHkqiL6\" class=\" ml-1 d-block d-md-inline\" target=\"_blank\" rel=\"noopener\"> - Voir le map<\/a>\r\n<\/div>\r\n\r\n<\/div>\r\n<\/div>\r\n\r\n<\/div>\r\n<div id=\"hotel-map\" style=\"display: none; width: 80%; height: 80%;\">\r\n<div class=\"acf-map\" data-zoom=\"16\"><div style=\"height: 100%; width: 100%;\"><div style=\"overflow: hidden;\"><\/div><\/div><\/div>\r\n<\/div>\r\n\r\n<div id=\"single-hotel__description\" class=\"border-bottom position-relative\">\r\n<h5 id=\"scroll-description\" class=\"font-size-21 font-weight-bold text-dark\r\n\t\t\t\">\r\nDescription <\/h5>\r\n<div class=\"description\">\r\n<p>Embarquez pour une exp\u00e9rience inoubliable \u00e0 bord du t\u00e9l\u00e9ph\u00e9rique d'Agadir, qui offre des vues \u00e0 couper le souffle tout au long de votre voyage a\u00e9rien depuis le pont Tildi jusqu'\u00e0 la Kasbah d'Agadir Oufella. En glissant le long de la marina, vous aurez l'occasion de d\u00e9couvrir la beaut\u00e9 de la ville d'un point de vue unique et \u00e9poustouflant.\r\n\r\n<\/p>\r\n<div>\r\n<div class=\"col-md-9 mb-4\">\r\n<div class=\"font-weight-bold font-size-18 text-dark mb-2\">Une exp\u00e9rience unique\r\n<\/div>\r\n<div class=\"text-gray-1 text-justify\">\r\n<li class=\"noDot\">Itin\u00e9raire des t\u00e9l\u00e9ph\u00e9riques\r\n\r\n<\/li>Le t\u00e9l\u00e9ph\u00e9rique d'Agadir part du pont Tildi et se dirige vers la Kasbah d'Agadir Oufella, un site historique et embl\u00e9matique de la ville. Ce voyage a\u00e9rien permet de survoler la marina, offrant une vue exceptionnelle sur les bateaux et le littoral atlantique.\r\n<li class=\"noDot\">Vues panoramiques<\/li>Pendant le trajet, les passagers peuvent profiter de vues panoramiques \u00e0 couper le souffle sur Agadir, notamment ses plages dor\u00e9es, ses montagnes et l'\u00e9tendue scintillante de l'oc\u00e9an Atlantique. Ce point de vue unique vous permet de voir la ville sous un nouvel angle et de prendre des photos m\u00e9morables.\r\n<\/div>\r\n<\/div>\r\n\r\n<div class=\"col-md-9 mb-4\">\r\n<div class=\"font-weight-bold font-size-18 text-dark mb-2\">D\u00e9couverte culturelle et historique\r\n<\/div>\r\n<div class=\"text-gray-1 text-justify\">\r\n<li class=\"noDot\">Kasbah d'Agadir Oufella<\/li>\u00c0 l'arriv\u00e9e, vous aurez la possibilit\u00e9 d'explorer la Kasbah d'Agadir Oufella, une forteresse historique surplombant la ville. Construite au XVIe si\u00e8cle, elle offre une plong\u00e9e dans l'histoire locale et une vue spectaculaire sur Agadir. C'est un lieu riche en histoire o\u00f9 vous pourrez en apprendre davantage sur le pass\u00e9 de la r\u00e9gion tout en profitant d'une vue incroyable.\r\n<li class=\"noDot\">La Marina<\/li>En parcourant le port de plaisance, vous pourrez observer l'activit\u00e9 nautique et les bateaux amarr\u00e9s, ce qui ajoutera une touche moderne et dynamique \u00e0 votre voyage. C'est aussi un endroit id\u00e9al pour se d\u00e9tendre et profiter de l'atmosph\u00e8re maritime.\r\n<\/div>\r\n<\/div>\r\n\r\n\r\n\r\n<\/div>\r\n<div id=\"collapseLinkExample\" class=\"collapse show\" style=\"\">\r\n<div>\r\n\r\n\r\n\r\n<div class=\"col-md-9 mb-4 text-justify\">\r\n<div class=\"font-weight-bold font-size-18 text-dark mb-2\">Conseils pratiques\r\n<\/div>\r\n<div class=\"text-gray-1\"><li class=\"noDot\">Heures d'ouverture : V\u00e9rifiez les heures d'ouverture du t\u00e9l\u00e9ph\u00e9rique avant votre visite, car elles peuvent varier en fonction de la saison.<\/li><li class=\"noDot\">Billets : Il est recommand\u00e9 d'acheter ses billets \u00e0 l'avance, surtout pendant les p\u00e9riodes de forte affluence touristique.\r\n<\/li><li class=\"noDot\">Appareil photo : N'oubliez pas d'emporter un appareil photo pour immortaliser les paysages \u00e9poustouflants que vous rencontrerez sur votre chemin.<\/li><\/div>\r\n\r\n<\/div><div class=\"col-md-9 mb-4 text-justify\">\r\n\r\n<div class=\"text-gray-1 text-justify\">En r\u00e9sum\u00e9, le t\u00e9l\u00e9ph\u00e9rique d'Agadir offre une fa\u00e7on unique et spectaculaire de d\u00e9couvrir la ville et ses environs. Que vous soyez un touriste \u00e0 la recherche d'une nouvelle perspective sur Agadir ou un r\u00e9sident d\u00e9sireux de red\u00e9couvrir sa ville, ce voyage a\u00e9rien est une exp\u00e9rience \u00e0 ne pas manquer.\r\n<\/div>\r\n<\/div>\r\n<\/div>\r\n\r\n<\/div>\r\n<p class=\"mb-0\"><a class=\"link-collapse link-collapse-custom gradient-overlay-half mb-5 d-inline-block border-bottom border-primary\" role=\"button\" href=\"#collapseLinkExample\" data-toggle=\"collapse\" aria-expanded=\"true\" aria-controls=\"collapseLinkExample\"><span class=\"link-collapse__default font-size-14\">Voir moins<i class=\"flaticon-down-chevron font-size-10 ml-1\"><\/i><\/span><span class=\"link-collapse__active font-size-14\">Voir plus<i class=\"flaticon-arrow font-size-10 ml-1\"><\/i><\/span><\/a><\/p>\r\n\r\n<\/div>\r\n<\/div>\r\n\r\n\r\n\r\n\r\n\r\n<\/div>\r\n<\/div>\r\n<div class=\"col-lg-4 col-xl-3\">\r\n\r\n<div class=\"border border-color-7 rounded p-4 mb-5\">\r\n<h6 class=\"font-size-17 font-weight-bold text-gray-3 mx-1 mb-3 pb-1\">Transport depuis l'h\u00f4tel !<\/h6>\r\n<div>\r\n<ul class=\"list-group list-group-borderless list-group-vertical list-group-flush no-gutters row\">\r\n  <!-- Existing items -->\r\n \r\n  <!-- Digital Key -->\r\n  <li class=\"col-md-10 list-group-item\">\r\n    <div class=\"d-flex align-items-center\">\r\n      <i class=\"feature-icon text-primary mr-2 fa-fw fa-fh\"><svg version=\"1.1\" id=\"Calque_1\" xmlns=\"http:\/\/www.w3.org\/2000\/svg\" xmlns:xlink=\"http:\/\/www.w3.org\/1999\/xlink\" x=\"0px\" y=\"0px\" viewBox=\"0 0 56 56\" style=\"enable-background:new 0 0 56 56;\" xml:space=\"preserve\">\r\n\r\n<path class=\"st0\" d=\"M50.5,26.2l-2.4-10.6c-1-4.4-4.5-7.6-8.4-7.6h-1.2V4c0-2.2-1.6-4-3.5-4H21c-1.9,0-3.5,1.8-3.5,4v4h-1.2\r\n\tc-3.8,0-7.3,3.2-8.4,7.6L5.5,26.2C2.3,27,0,30.2,0,34v6c0,3,1.4,5.5,3.5,6.9V52c0,2.2,1.6,4,3.5,4h3.5c1.9,0,3.5-1.8,3.5-4v-4h28v4\r\n\tc0,2.2,1.6,4,3.5,4H49c1.9,0,3.5-1.8,3.5-4v-5.1C54.6,45.5,56,43,56,40v-6C56,30.2,53.7,27,50.5,26.2z M10.5,40C8.6,40,7,38.2,7,36\r\n\ts1.6-4,3.5-4s3.5,1.8,3.5,4S12.4,40,10.5,40z M12.7,26l1.9-8.3c0.2-1,1-1.7,1.6-1.7h23.5c0.6,0,1.4,0.7,1.6,1.6l1.9,8.4H12.7\r\n\tL12.7,26z M45.5,40c-1.9,0-3.5-1.8-3.5-4s1.6-4,3.5-4s3.5,1.8,3.5,4S47.4,40,45.5,40z\"><\/path>\r\n<\/svg><\/i>\r\n      <span>Taxi dans 15 min\r\n\r\n<\/span>\r\n    <\/div>\r\n  <\/li>\r\n  \r\n   <!-- Connecting Rooms -->\r\n  <li class=\"col-md-10 list-group-item\">\r\n    <div class=\"d-flex align-items-center\">\r\n      <i class=\"feature-icon text-primary mr-2 fa-fw fa-fh\"><svg version=\"1.1\" id=\"Calque_1\" xmlns=\"http:\/\/www.w3.org\/2000\/svg\" xmlns:xlink=\"http:\/\/www.w3.org\/1999\/xlink\" x=\"0px\" y=\"0px\" viewBox=\"0 0 512 512\" style=\"enable-background:new 0 0 512 512;\" xml:space=\"preserve\">\r\n\r\n<path class=\"st0\" d=\"M488,128h-8V80c0-44.8-99.2-80-224-80S32,35.2,32,80v48h-8c-13.2,0-24,10.7-24,24v80c0,13.2,10.8,24,24,24h8\r\n\tv160c0,17.7,14.3,32,32,32v32c0,17.7,14.3,32,32,32h32c17.7,0,32-14.3,32-32v-32h192v32c0,17.7,14.3,32,32,32h32\r\n\tc17.7,0,32-14.3,32-32v-32h6.4c16,0,25.6-12.8,25.6-25.6V256h8c13.2,0,24-10.8,24-24v-80C512,138.7,501.2,128,488,128z M112,400\r\n\tc-17.7,0-32-14.3-32-32s14.3-32,32-32s32,14.3,32,32S129.7,400,112,400z M128,288c-17.7,0-32-14.3-32-32V128c0-17.7,14.3-32,32-32\r\n\th256c17.7,0,32,14.3,32,32v128c0,17.7-14.3,32-32,32H128z M400,400c-17.7,0-32-14.3-32-32s14.3-32,32-32s32,14.3,32,32\r\n\tS417.7,400,400,400z\"><\/path>\r\n<\/svg><\/i>\r\n      <span>Bus ALsa dans 20 min<\/span>\r\n    <\/div>\r\n  <\/li>\r\n  \r\n    <!-- Free Wifi -->\r\n  \r\n<\/ul><\/div>\r\n\r\n\r\n\r\n<\/div>\r\n<\/div>\r\n<\/div>\r\n<\/div>\r\n<div class=\"border-bottom border-gray-33 related product-card-block product-card-v3 \r\n\t\">\r\n\r\n<\/div>\r\n<\/div>\t\t\t\t<\/div>\n\t\t\t\t<\/div>\n\t\t\t\t\t<\/div>\n\t\t\t\t<\/div>\n\t\t\t\t<div class=\"elementor-section elementor-top-section elementor-element elementor-element-feedb7e elementor-section-full_width deals-carousel-block deals-carousel-v1 border-color-8 elementor-section-height-default elementor-section-height-default\" data-id=\"feedb7e\" data-element_type=\"section\">\n\t\t\t\t\t\t<div class=\"elementor-container elementor-column-gap-default container space-1\">\n\t\t\t\t\t<div class=\"elementor-column elementor-col-100 elementor-top-column elementor-element elementor-element-b1a88df\" data-id=\"b1a88df\" data-element_type=\"column\">\n\t\t\t<div class=\"p-0 elementor-widget-wrap elementor-element-populated\">\n\t\t\t\t\t\t<div class=\"elementor-element elementor-element-f188e97 mb-0 elementor-widget elementor-widget-highlighted-heading\" data-id=\"f188e97\" data-element_type=\"widget\" data-widget_type=\"highlighted-heading.default\">\n\t\t\t\t<div class=\"elementor-widget-container\">\n\t\t\t\t\t<h2 class=\"mytravel-elementor-highlighted-heading__title section-title text-center mb-5 mt-3\">Activit\u00e9s<\/h2>\t\t\t\t<\/div>\n\t\t\t\t<\/div>\n\t\t\t\t<div class=\"elementor-element elementor-element-e0119f4 elementor-widget elementor-widget-myt-deal-carousel\" data-id=\"e0119f4\" data-element_type=\"widget\" data-settings=\"{&quot;fade&quot;:&quot;no&quot;}\" data-widget_type=\"myt-deal-carousel.deal-carousel-v1\">\n\t\t\t\t<div class=\"elementor-widget-container\">\n\t\t\t\t\t\r\n\t\t<div class=\"js-slick-carousel u-slick u-slick--gutters-3 mytravel-6a01ebce9b2c4\" data-slides-show=\"4\" data-ride=\"slick\" data-responsive=\"[{&quot;breakpoint&quot;:1025,&quot;settings&quot;:{&quot;slidesToShow&quot;:4}},{&quot;breakpoint&quot;:992,&quot;settings&quot;:{&quot;slidesToShow&quot;:2}},{&quot;breakpoint&quot;:768,&quot;settings&quot;:{&quot;slidesToShow&quot;:2}},{&quot;breakpoint&quot;:554,&quot;settings&quot;:{&quot;slidesToShow&quot;:1}}]\" data-center-mode=\"0\" data-autoplay=\"\" data-autoplay-speed=\"3000\" data-pagi-classes=\"text-center u-slick__pagination mt-4 d-lg-none\" data-infinite=\"\" data-fade=\"\" data-rows=\"\" data-arrows-classes=\"elementor-slick-arrow d-none d-lg-inline-block u-slick__arrow-classic u-slick__arrow-centered--y rounded-circle u-slick__arrow-classic--v1\" data-arrow-left-classes=\"fas fa-chevron-left u-slick__arrow-classic-inner u-slick__arrow-classic-inner--left ml-xl-n8\" data-arrow-right-classes=\"fas fa-chevron-right u-slick__arrow-classic-inner u-slick__arrow-classic-inner--right mr-xl-n8\">\r\n\t\t\t \r\n\t\t\t<div class=\"js-slide mb-4\">\r\n\t\t\t\t        <!-- Image -->\r\n        <a class=\"d-block rounded-xs overflow-hidden mb-3 \" href=\"https:\/\/hotelhamiltonagadir.com\/explorez-les-tresors-de-la-medina-dagadir\">\r\n            <img fetchpriority=\"high\" decoding=\"async\" width=\"410\" height=\"300\" src=\"https:\/\/hotelhamiltonagadir.com\/wp-content\/uploads\/2024\/05\/Image1.png\" class=\"img-fluid w-100 attachment-full size-full wp-image-13597 no-lazyload\" alt=\"H\u00f4tel \u00e0 Agadir`- Patrimoine berb\u00e8re\" \/>        <\/a>\r\n            <h6 class=\"mytravel-elementor-title__name font-size-17 pt-xl-1 font-weight-bold mb-1 text-gray-6\">\r\n        <a class=\"custom-title-color\" href=\"https:\/\/hotelhamiltonagadir.com\/explorez-les-tresors-de-la-medina-dagadir\">\r\n            M\u00e9dina d&#039;Agadir           \r\n        <\/a>\r\n    <\/h6>\r\n            <a class=\"mytravel-elementor-excerpt__name text-gray-1\" href=\"https:\/\/hotelhamiltonagadir.com\/explorez-les-tresors-de-la-medina-dagadir\">\r\n            <span class=\"custom-excerpt-color\">aller \u00e0 la D\u00e9couverte de la M\u00e9dina d&#039;Agadir ou M\u00e9dina<\/span>\r\n        <\/a>\r\n        \t\t\t<\/div>\r\n\t\t\t \r\n\t\t\t<div class=\"js-slide mb-4\">\r\n\t\t\t\t        <!-- Image -->\r\n        <a class=\"d-block rounded-xs overflow-hidden mb-3 \" href=\"https:\/\/hotelhamiltonagadir.com\/patrimoine-berbere-agadir\">\r\n            <img decoding=\"async\" width=\"410\" height=\"300\" src=\"https:\/\/hotelhamiltonagadir.com\/wp-content\/uploads\/2024\/05\/Image2.png\" class=\"img-fluid w-100 attachment-full size-full wp-image-13599 no-lazyload\" alt=\"H\u00f4tel \u00e0 Agadir- La musee manicipale\" \/>        <\/a>\r\n            <h6 class=\"mytravel-elementor-title__name font-size-17 pt-xl-1 font-weight-bold mb-1 text-gray-6\">\r\n        <a class=\"custom-title-color\" href=\"https:\/\/hotelhamiltonagadir.com\/patrimoine-berbere-agadir\">\r\n            Patrimoine berb\u00e8re d&#039;Agadir \r\n        <\/a>\r\n    <\/h6>\r\n            <a class=\"mytravel-elementor-excerpt__name text-gray-1\" href=\"https:\/\/hotelhamiltonagadir.com\/patrimoine-berbere-agadir\">\r\n            <span class=\"custom-excerpt-color\">la m\u00e9moire du patrimoine berb\u00e8re du Souss Massa <\/span>\r\n        <\/a>\r\n        \t\t\t<\/div>\r\n\t\t\t \r\n\t\t\t<div class=\"js-slide mb-4\">\r\n\t\t\t\t        <!-- Image -->\r\n        <a class=\"d-block rounded-xs overflow-hidden mb-3 \" href=\"https:\/\/hotelhamiltonagadir.com\/crocoparc-agadir\/\">\r\n            <img decoding=\"async\" width=\"410\" height=\"300\" src=\"https:\/\/hotelhamiltonagadir.com\/wp-content\/uploads\/2024\/05\/Image3.png\" class=\"img-fluid w-100 attachment-full size-full wp-image-13600 no-lazyload\" alt=\"H\u00f4tel \u00e0 Agadir Crocoparc d&#039;Agadir\" \/>        <\/a>\r\n            <h6 class=\"mytravel-elementor-title__name font-size-17 pt-xl-1 font-weight-bold mb-1 text-gray-6\">\r\n        <a class=\"custom-title-color\" href=\"https:\/\/hotelhamiltonagadir.com\/crocoparc-agadir\/\">\r\n            CrocoParc Agadir           \r\n        <\/a>\r\n    <\/h6>\r\n            <a class=\"mytravel-elementor-excerpt__name text-gray-1\" href=\"https:\/\/hotelhamiltonagadir.com\/crocoparc-agadir\/\">\r\n            <span class=\"custom-excerpt-color\">le parc zoologique des crocodiles situ\u00e9 \u00e0 Drarga<\/span>\r\n        <\/a>\r\n        \t\t\t<\/div>\r\n\t\t\t \r\n\t\t\t<div class=\"js-slide mb-4\">\r\n\t\t\t\t        <!-- Image -->\r\n        <a class=\"d-block rounded-xs overflow-hidden mb-3 \" href=\"https:\/\/hotelhamiltonagadir.com\/telepherique-dagadir\/\">\r\n            <img loading=\"lazy\" decoding=\"async\" width=\"410\" height=\"300\" src=\"https:\/\/hotelhamiltonagadir.com\/wp-content\/uploads\/2024\/05\/Image4.png\" class=\"img-fluid w-100 attachment-full size-full wp-image-13647 no-lazyload\" alt=\"Patrimoine berb\u00e8re d&#039;agadir-Le telepherique de la ville d&#039;Agadir , vue paronamique\" \/>        <\/a>\r\n            <h6 class=\"mytravel-elementor-title__name font-size-17 pt-xl-1 font-weight-bold mb-1 text-gray-6\">\r\n        <a class=\"custom-title-color\" href=\"https:\/\/hotelhamiltonagadir.com\/telepherique-dagadir\/\">\r\n            Le t\u00e9l\u00e9ph\u00e9rique d&#039;Agadir \r\n        <\/a>\r\n    <\/h6>\r\n            <a class=\"mytravel-elementor-excerpt__name text-gray-1\" href=\"https:\/\/hotelhamiltonagadir.com\/telepherique-dagadir\/\">\r\n            <span class=\"custom-excerpt-color\">le premier t\u00e9l\u00e9ph\u00e9rique, reliant Agadir \u00e0 sa Kasbah<\/span>\r\n        <\/a>\r\n        \t\t\t<\/div>\r\n\t\t\t\t\t<\/div>\r\n\t\t\t\t\t\t<\/div>\n\t\t\t\t<\/div>\n\t\t\t\t\t<\/div>\n\t\t<\/div>\n\t\t\t\t\t<\/div>\n\t\t<\/div>\n\t\t\t\t<\/div>\n\t\t","protected":false},"excerpt":{"rendered":"Le t\u00e9l\u00e9ph\u00e9rique d&rsquo;Agadir : le premier t\u00e9l\u00e9ph\u00e9rique, reliant Agadir \u00e0 sa Kasbah Agadir, Maroc &#8211; Voir le map Description Embarquez pour une exp\u00e9rience inoubliable \u00e0 bord du t\u00e9l\u00e9ph\u00e9rique d&rsquo;Agadir, qui offre des vues \u00e0 couper le souffle tout au long de votre voyage a\u00e9rien depuis le pont Tildi jusqu&rsquo;\u00e0 la Kasbah d&rsquo;Agadir Oufella. En glissant&#8230;","protected":false},"author":1,"featured_media":0,"parent":0,"menu_order":0,"comment_status":"closed","ping_status":"closed","template":"elementor_header_footer","meta":{"_acf_changed":false,"footnotes":""},"class_list":["post-17158","page","type-page","status-publish","hentry"],"acf":[],"_links":{"self":[{"href":"https:\/\/hotelhamiltonagadir.com\/en\/wp-json\/wp\/v2\/pages\/17158","targetHints":{"allow":["GET"]}}],"collection":[{"href":"https:\/\/hotelhamiltonagadir.com\/en\/wp-json\/wp\/v2\/pages"}],"about":[{"href":"https:\/\/hotelhamiltonagadir.com\/en\/wp-json\/wp\/v2\/types\/page"}],"author":[{"embeddable":true,"href":"https:\/\/hotelhamiltonagadir.com\/en\/wp-json\/wp\/v2\/users\/1"}],"replies":[{"embeddable":true,"href":"https:\/\/hotelhamiltonagadir.com\/en\/wp-json\/wp\/v2\/comments?post=17158"}],"version-history":[{"count":47,"href":"https:\/\/hotelhamiltonagadir.com\/en\/wp-json\/wp\/v2\/pages\/17158\/revisions"}],"predecessor-version":[{"id":24561,"href":"https:\/\/hotelhamiltonagadir.com\/en\/wp-json\/wp\/v2\/pages\/17158\/revisions\/24561"}],"wp:attachment":[{"href":"https:\/\/hotelhamiltonagadir.com\/en\/wp-json\/wp\/v2\/media?parent=17158"}],"curies":[{"name":"wp","href":"https:\/\/api.w.org\/{rel}","templated":true}]}}