{"id":17024,"date":"2024-06-23T22:56:15","date_gmt":"2024-06-23T22:56:15","guid":{"rendered":"https:\/\/hotelhamiltonagadir.com?page_id=17024"},"modified":"2025-11-23T11:28:11","modified_gmt":"2025-11-23T10:28:11","slug":"patrimoine-berbere-agadir-3-traditions","status":"publish","type":"page","link":"https:\/\/hotelhamiltonagadir.com\/en\/patrimoine-berbere-agadir-3-traditions\/","title":{"rendered":"Patrimoine berb\u00e8re d&rsquo;Agadir"},"content":{"rendered":"\t\t<div data-elementor-type=\"wp-page\" data-elementor-id=\"17024\" class=\"elementor elementor-17024\" data-elementor-post-type=\"page\">\n\t\t\t\t\t\t<div class=\"elementor-section elementor-top-section elementor-element elementor-element-c9fc15a elementor-section-full_width hero-block hero-v4 bg-img-hero-bottom text-center z-index-2 elementor-reverse-tablet elementor-reverse-mobile elementor-section-height-default elementor-section-height-default\" data-id=\"c9fc15a\" data-element_type=\"section\" data-settings=\"{&quot;background_background&quot;:&quot;classic&quot;}\">\n\t\t\t\t\t\t<div class=\"elementor-container elementor-column-gap-default container pb-17\">\n\t\t\t\t\t<div class=\"elementor-column elementor-col-100 elementor-top-column elementor-element elementor-element-0df1584\" data-id=\"0df1584\" data-element_type=\"column\">\n\t\t\t<div class=\"elementor-widget-wrap\">\n\t\t\t\t\t\t\t<\/div>\n\t\t<\/div>\n\t\t\t\t\t<\/div>\n\t\t<\/div>\n\t\t<div class=\"elementor-element elementor-element-b8c6ce9 e-flex e-con-boxed e-con e-parent\" data-id=\"b8c6ce9\" data-element_type=\"container\">\n\t\t\t\t\t<div class=\"e-con-inner\">\n\t\t\t\t<div class=\"elementor-element elementor-element-17920cc elementor-widget elementor-widget-html\" data-id=\"17920cc\" data-element_type=\"widget\" data-widget_type=\"html.default\">\n\t\t\t\t<div class=\"elementor-widget-container\">\n\t\t\t\t\t<div id=\"content\" class=\"site-content text-break\" tabindex=\"-1\">\r\n\r\n<div class=\"mb-4 mb-lg-8 mt-5\">\r\n<img data-lazyloaded=\"1\" src=\"https:\/\/hotelhamiltonagadir.com\/wp-content\/uploads\/2024\/05\/Sans-titre-4.png\" fetchpriority=\"high\" width=\"1920\" height=\"960w00\" data-src=\"https:\/\/hotelhamiltonagadir.com\/wp-content\/uploads\/2024\/05\/Sans-titre-4.png\" class=\"img-fluid entered litespeed-loaded no-lazyload\" alt=\"\" decoding=\"async\" data-srcset=\"https:\/\/hotelhamiltonagadir.com\/wp-content\/uploads\/2024\/07\/khalod-hamil.jpg 1920w,https:\/\/hotelhamiltonagadir.com\/wp-content\/uploads\/2024\/07\/khalod-hamil.jpg 960w, https:\/\/hotelhamiltonagadir.com\/wp-content\/uploads\/2024\/07\/khalod-hamil.jpg 300w,https:\/\/www.blumartunisia.com\/new_hamilton_agadir_test\/wp-content\/uploads\/2024\/07\/khalod-hamil.jpg 1024w, https:\/\/hotelhamiltonagadir.com\/wp-content\/uploads\/2024\/07\/khalod-hamil.jpg 768w,https:\/\/hotelhamiltonagadir.com\/wp-content\/uploads\/2024\/07\/khalod-hamil.jpg 1536w\" data-sizes=\"(max-width: 1920px) 100vw, 1920px\" data-ll-status=\"loaded\" sizes=\"(max-width: 1920px) 100vw, 1920px\" srcset=\"https:\/\/hotelhamiltonagadir.com\/wp-content\/uploads\/2024\/07\/khalod-hamil.jpg 1920w,https:\/\/hotelhamiltonagadir.com\/wp-content\/uploads\/2024\/07\/khalod-hamil.jpg 960w, https:\/\/hotelhamiltonagadir.com\/wp-content\/uploads\/2024\/07\/khalod-hamil.jpg 300w,https:\/\/hotelhamiltonagadir.com\/wp-content\/uploads\/2024\/07\/khalod-hamil.jpg 1024w, https:\/\/hotelhamiltonagadir.com\/wp-content\/uploads\/2024\/07\/khalod-hamil.jpg 768w,https:\/\/hotelhamiltonagadir.com\/wp-content\/uploads\/2024\/07\/khalod-hamil.jpg 1536w\"> <div class=\"container\">\r\n\r\n<\/div>\r\n<\/div>\r\n<div class=\"container\">\r\n<div class=\"mb-4\">\r\n<div class=\"woocommerce-notices-wrapper\"><\/div> <\/div>\r\n<div class=\"row\">\r\n<div class=\"col-lg-8 col-xl-9\">\r\n<div id=\"product-450\" class=\"product type-product post-450 status-publish first instock product_cat-attraction-tickets product_cat-tour has-post-thumbnail virtual sold-individually purchasable product-type-booking\">\r\n<div class=\"d-block d-md-flex flex-center-between align-items-start mb-3\">\r\n<div class=\"mb-1\">\r\n<div class=\"mb-2 mb-md-0\">\r\n<h1 class=\"font-size-23 font-weight-bold mb-1 mr-3\">\r\n\t\t\t\tPatrimoine berb\u00e8re d'Agadir : la m\u00e9moire du patrimoine berb\u00e8re du Souss Massa \r\n\t\t\t<\/h1> <\/div>\r\n<div class=\"mr-xl-3\">\r\n<\/div>\r\n<div class=\"d-block d-xl-flex flex-horizontal-center\">\r\n<div class=\"d-block d-md-flex flex-horizontal-center font-size-14 text-gray-1\">\r\n<i class=\"icon flaticon-placeholder mr-2 font-size-20\"><\/i>\r\nAgadir, Maroc<a href=\"https:\/\/maps.app.goo.gl\/BmLuNfeqd6pCazuTA\" class=\"ml-1 d-block d-md-inline\" target=\"_blank\" rel=\"noopener\"> - Voir sur la carte<\/a>\r\n<\/div>\r\n\r\n<\/div>\r\n<\/div>\r\n\r\n<\/div>\r\n<div id=\"hotel-map\" style=\"display: none; width: 80%; height: 80%;\">\r\n<div class=\"acf-map\" data-zoom=\"16\"><div style=\"height: 100%; width: 100%;\"><div style=\"overflow: hidden;\"><\/div><\/div><\/div>\r\n<\/div>\r\n\r\n<div id=\"single-hotel__description\" class=\"border-bottom position-relative\">\r\n<h5 id=\"scroll-description\" class=\"font-size-21 font-weight-bold text-dark\">\r\nDescription <\/h5>\r\n<div class=\"description\">\r\n<p>Le mus\u00e9e du patrimoine amazigh, situ\u00e9 dans la r\u00e9gion de Souss Massa, est une institution de premier plan d\u00e9di\u00e9e \u00e0 la pr\u00e9servation et \u00e0 la c\u00e9l\u00e9bration de la culture berb\u00e8re. Ce mus\u00e9e municipal est r\u00e9put\u00e9 pour sa riche collection de bijoux et d'objets artisanaux qui refl\u00e8tent l'h\u00e9ritage du peuple amazigh (ou berb\u00e8re), qui habite cette r\u00e9gion depuis des mill\u00e9naires.\r\n\r\n<\/p>\r\n<div>\r\n<div class=\"col-md-9 mb-4\">\r\n<div class=\"font-weight-bold font-size-18 text-dark mb-2\">Collection et expositions\r\n\r\n<\/div>\r\n<div class=\"text-gray-1 text-justify\">\r\n<li class=\"noDot\">Bijoux et objets artisanaux<\/li>\r\nLe mus\u00e9e est particuli\u00e8rement r\u00e9put\u00e9 pour sa collection de bijoux berb\u00e8res, qui comprend des pi\u00e8ces complexes telles que des colliers, des bracelets, des fibules et des bagues. Ces pi\u00e8ces sont souvent en argent et orn\u00e9es de pierres pr\u00e9cieuses ou semi-pr\u00e9cieuses, avec des motifs g\u00e9om\u00e9triques et symboliques typiques de l'art amazigh. Outre les bijoux, le mus\u00e9e abrite une vari\u00e9t\u00e9 d'objets artisanaux tels que des tapis, des poteries et des ustensiles de la vie quotidienne qui t\u00e9moignent du savoir-faire et des traditions des artisans locaux.\r\n<li class=\"noDot\">Art contemporain<\/li>\r\nParall\u00e8lement \u00e0 sa collection historique, le mus\u00e9e accueille \u00e9galement des expositions d'art contemporain. Ces expositions cr\u00e9ent un dialogue entre le patrimoine traditionnel et les expressions artistiques modernes, en mettant en lumi\u00e8re des artistes contemporains, locaux et internationaux, qui s'inspirent de la culture amazighe ou explorent des th\u00e8mes similaires.<\/div>\r\n<\/div>\r\n\r\n<div class=\"col-md-9 mb-4\">\r\n<div class=\"font-weight-bold font-size-18 text-dark mb-2\">Importance culturelle et \u00e9ducative\r\n\r\n<\/div>\r\n<div class=\"text-gray-1 text-justify\">Le mus\u00e9e du patrimoine amazigh joue un r\u00f4le crucial dans la pr\u00e9servation de l'identit\u00e9 culturelle du peuple amazigh. Il sert de centre \u00e9ducatif, offrant aux visiteurs une occasion unique de d\u00e9couvrir l'histoire, les traditions et l'art de cette communaut\u00e9. Le mus\u00e9e organise r\u00e9guli\u00e8rement des ateliers, des conf\u00e9rences et des visites guid\u00e9es afin d'am\u00e9liorer la compr\u00e9hension et l'appr\u00e9ciation du patrimoine amazigh.<\/div>\r\n<\/div>\r\n\r\n\r\n\r\n<\/div>\r\n<div id=\"collapseLinkExample\" class=\"collapse show\" style=\"\">\r\n<div>\r\n\r\n\r\n\r\n<div class=\"col-md-9 mb-4 text-justify\">\r\n<div class=\"font-weight-bold font-size-18 text-dark mb-2\">Architecture et localisation\r\n\r\n<\/div>\r\n<div class=\"text-gray-1\">Le b\u00e2timent du mus\u00e9e lui-m\u00eame est un exemple d'architecture qui int\u00e8gre des \u00e9l\u00e9ments traditionnels et modernes, refl\u00e9tant un m\u00e9lange harmonieux entre le pass\u00e9 et le pr\u00e9sent. Situ\u00e9 au c\u0153ur de la r\u00e9gion du Souss Massa, le mus\u00e9e est facilement accessible et constitue une destination incontournable pour les touristes et les chercheurs int\u00e9ress\u00e9s par la culture berb\u00e8re.<\/div>\r\n<\/div><div class=\"col-md-9 mb-4 text-justify\">\r\n\r\n<div class=\"text-gray-1 text-justify\">En r\u00e9sum\u00e9, le mus\u00e9e du patrimoine amazigh est un tr\u00e9sor culturel qui offre un aper\u00e7u fascinant du patrimoine riche et diversifi\u00e9 du peuple amazigh. Il joue un r\u00f4le essentiel dans la conservation et la promotion de la culture berb\u00e8re tout en servant de plateforme pour l'expression artistique contemporaine.\r\n\r\n\r\n\r\n\r\n\r\n<\/div>\r\n<\/div>\r\n<\/div>\r\n\r\n<\/div>\r\n<p class=\"mb-0\"><a class=\"link-collapse link-collapse-custom gradient-overlay-half mb-5 d-inline-block border-bottom border-primary\" role=\"button\" href=\"#collapseLinkExample\" data-toggle=\"collapse\" aria-expanded=\"true\" aria-controls=\"collapseLinkExample\"><span class=\"link-collapse__default font-size-14\">Voir plus <i class=\"flaticon-down-chevron font-size-10 ml-1\"><\/i><\/span><span class=\"link-collapse__active font-size-14\">Voir moins <i class=\"flaticon-arrow font-size-10 ml-1\"><\/i><\/span><\/a><\/p>\r\n\r\n<\/div>\r\n<\/div>\r\n\r\n\r\n\r\n\r\n\r\n<\/div>\r\n<\/div>\r\n<div class=\"col-lg-4 col-xl-3\">\r\n\r\n<div class=\"border border-color-7 rounded p-4 mb-5\">\r\n<h6 class=\"font-size-17 font-weight-bold text-gray-3 mx-1 mb-3 pb-1\">Transport depuis l'h\u00f4tel !<\/h6>\r\n<div>\r\n<ul class=\"list-group list-group-borderless list-group-vertical list-group-flush no-gutters row\">\r\n  <!-- Existing items -->\r\n \r\n  <!-- Digital Key -->\r\n  <li class=\"col-md-10 list-group-item\">\r\n    <div class=\"d-flex align-items-center\">\r\n      <i class=\"feature-icon text-primary mr-2 fa-fw fa-fh\"><svg version=\"1.1\" id=\"Calque_1\" xmlns=\"http:\/\/www.w3.org\/2000\/svg\" xmlns:xlink=\"http:\/\/www.w3.org\/1999\/xlink\" x=\"0px\" y=\"0px\" viewBox=\"0 0 56 56\" style=\"enable-background:new 0 0 56 56;\" xml:space=\"preserve\">\r\n\r\n<path class=\"st0\" d=\"M50.5,26.2l-2.4-10.6c-1-4.4-4.5-7.6-8.4-7.6h-1.2V4c0-2.2-1.6-4-3.5-4H21c-1.9,0-3.5,1.8-3.5,4v4h-1.2\tc-3.8,0-7.3,3.2-8.4,7.6L5.5,26.2C2.3,27,0,30.2,0,34v6c0,3,1.4,5.5,3.5,6.9V52c0,2.2,1.6,4,3.5,4h3.5c1.9,0,3.5-1.8,3.5-4v-4h28v4\tc0,2.2,1.6,4,3.5,4H49c1.9,0,3.5-1.8,3.5-4v-5.1C54.6,45.5,56,43,56,40v-6C56,30.2,53.7,27,50.5,26.2z M10.5,40C8.6,40,7,38.2,7,36\ts1.6-4,3.5-4s3.5,1.8,3.5,4S12.4,40,10.5,40z M12.7,26l1.9-8.3c0.2-1,1-1.7,1.6-1.7h23.5c0.6,0,1.4,0.7,1.6,1.6l1.9,8.4H12.7\tL12.7,26z M45.5,40c-1.9,0-3.5-1.8-3.5-4s1.6-4,3.5-4s3.5,1.8,3.5,4S47.4,40,45.5,40z\"><\/path>\r\n<\/svg><\/i>\r\n      <span>Taxi dans 5 min\r\n\r\n<\/span>\r\n    <\/div>\r\n  <\/li>\r\n  \r\n   <!-- Connecting Rooms -->\r\n  <li class=\"col-md-10 list-group-item\">\r\n    <div class=\"d-flex align-items-center\">\r\n      <i class=\"feature-icon text-primary mr-2 fa-fw fa-fh\"><svg version=\"1.1\" id=\"Calque_1\" xmlns=\"http:\/\/www.w3.org\/2000\/svg\" xmlns:xlink=\"http:\/\/www.w3.org\/1999\/xlink\" x=\"0px\" y=\"0px\" viewBox=\"0 0 512 512\" style=\"enable-background:new 0 0 512 512;\" xml:space=\"preserve\">\r\n\r\n<path class=\"st0\" d=\"M488,128h-8V80c0-44.8-99.2-80-224-80S32,35.2,32,80v48h-8c-13.2,0-24,10.7-24,24v80c0,13.2,10.8,24,24,24h8\tv160c0,17.7,14.3,32,32,32v32c0,17.7,14.3,32,32,32h32c17.7,0,32-14.3,32-32v-32h192v32c0,17.7,14.3,32,32,32h32\tc17.7,0,32-14.3,32-32v-32h6.4c16,0,25.6-12.8,25.6-25.6V256h8c13.2,0,24-10.8,24-24v-80C512,138.7,501.2,128,488,128z M112,400\tc-17.7,0-32-14.3-32-32s14.3-32,32-32s32,14.3,32,32S129.7,400,112,400z M128,288c-17.7,0-32-14.3-32-32V128c0-17.7,14.3-32,32-32\th256c17.7,0,32,14.3,32,32v128c0,17.7-14.3,32-32,32H128z M400,400c-17.7,0-32-14.3-32-32s14.3-32,32-32s32,14.3,32,32\tS417.7,400,400,400z\"><\/path>\r\n<\/svg><\/i>\r\n      <span>Bus ALsa dans 5 min<\/span>\r\n    <\/div>\r\n  <\/li>\r\n  \r\n    <!-- Free Wifi -->\r\n  \r\n<\/ul><\/div>\r\n\r\n\r\n\r\n<\/div>\r\n<\/div>\r\n<\/div>\r\n<\/div>\r\n<div class=\"border-bottom border-gray-33 related product-card-block product-card-v3\">\r\n\r\n<\/div>\r\n<\/div>\t\t\t\t<\/div>\n\t\t\t\t<\/div>\n\t\t\t\t\t<\/div>\n\t\t\t\t<\/div>\n\t\t\t\t<div class=\"elementor-section elementor-top-section elementor-element elementor-element-cf980f6 elementor-section-full_width deals-carousel-block deals-carousel-v1 border-color-8 elementor-section-height-default elementor-section-height-default\" data-id=\"cf980f6\" data-element_type=\"section\">\n\t\t\t\t\t\t<div class=\"elementor-container elementor-column-gap-default container space-1\">\n\t\t\t\t\t<div class=\"elementor-column elementor-col-100 elementor-top-column elementor-element elementor-element-4d4d324\" data-id=\"4d4d324\" data-element_type=\"column\">\n\t\t\t<div class=\"p-0 elementor-widget-wrap elementor-element-populated\">\n\t\t\t\t\t\t<div class=\"elementor-element elementor-element-a26a4c4 mb-0 elementor-widget elementor-widget-highlighted-heading\" data-id=\"a26a4c4\" data-element_type=\"widget\" data-widget_type=\"highlighted-heading.default\">\n\t\t\t\t<div class=\"elementor-widget-container\">\n\t\t\t\t\t<h2 class=\"mytravel-elementor-highlighted-heading__title section-title text-center mb-5 mt-3\">Activit\u00e9s<\/h2>\t\t\t\t<\/div>\n\t\t\t\t<\/div>\n\t\t\t\t<div class=\"elementor-element elementor-element-262b859 elementor-widget elementor-widget-myt-deal-carousel\" data-id=\"262b859\" data-element_type=\"widget\" data-settings=\"{&quot;fade&quot;:&quot;no&quot;}\" data-widget_type=\"myt-deal-carousel.deal-carousel-v1\">\n\t\t\t\t<div class=\"elementor-widget-container\">\n\t\t\t\t\t\r\n\t\t<div class=\"js-slick-carousel u-slick u-slick--gutters-3 mytravel-6a01de2143076\" data-slides-show=\"4\" data-ride=\"slick\" data-responsive=\"[{&quot;breakpoint&quot;:1025,&quot;settings&quot;:{&quot;slidesToShow&quot;:4}},{&quot;breakpoint&quot;:992,&quot;settings&quot;:{&quot;slidesToShow&quot;:2}},{&quot;breakpoint&quot;:768,&quot;settings&quot;:{&quot;slidesToShow&quot;:2}},{&quot;breakpoint&quot;:554,&quot;settings&quot;:{&quot;slidesToShow&quot;:1}}]\" data-center-mode=\"0\" data-autoplay=\"\" data-autoplay-speed=\"3000\" data-pagi-classes=\"text-center u-slick__pagination mt-4 d-lg-none\" data-infinite=\"\" data-fade=\"\" data-rows=\"\" data-arrows-classes=\"elementor-slick-arrow d-none d-lg-inline-block u-slick__arrow-classic u-slick__arrow-centered--y rounded-circle u-slick__arrow-classic--v1\" data-arrow-left-classes=\"fas fa-chevron-left u-slick__arrow-classic-inner u-slick__arrow-classic-inner--left ml-xl-n8\" data-arrow-right-classes=\"fas fa-chevron-right u-slick__arrow-classic-inner u-slick__arrow-classic-inner--right mr-xl-n8\">\r\n\t\t\t \r\n\t\t\t<div class=\"js-slide mb-4\">\r\n\t\t\t\t        <!-- Image -->\r\n        <a class=\"d-block rounded-xs overflow-hidden mb-3 \" href=\"https:\/\/hotelhamiltonagadir.com\/explorez-les-tresors-de-la-medina-dagadir\">\r\n            <img fetchpriority=\"high\" decoding=\"async\" width=\"410\" height=\"300\" src=\"https:\/\/hotelhamiltonagadir.com\/wp-content\/uploads\/2024\/05\/Image1.png\" class=\"img-fluid w-100 attachment-full size-full wp-image-13597 no-lazyload\" alt=\"H\u00f4tel \u00e0 Agadir`- Patrimoine berb\u00e8re\" \/>        <\/a>\r\n            <h6 class=\"mytravel-elementor-title__name font-size-17 pt-xl-1 font-weight-bold mb-1 text-gray-6\">\r\n        <a class=\"custom-title-color\" href=\"https:\/\/hotelhamiltonagadir.com\/explorez-les-tresors-de-la-medina-dagadir\">\r\n            M\u00e9dina d&#039;Agadir           \r\n        <\/a>\r\n    <\/h6>\r\n            <a class=\"mytravel-elementor-excerpt__name text-gray-1\" href=\"https:\/\/hotelhamiltonagadir.com\/explorez-les-tresors-de-la-medina-dagadir\">\r\n            <span class=\"custom-excerpt-color\">aller \u00e0 la D\u00e9couverte de la M\u00e9dina d&#039;Agadir ou M\u00e9dina<\/span>\r\n        <\/a>\r\n        \t\t\t<\/div>\r\n\t\t\t \r\n\t\t\t<div class=\"js-slide mb-4\">\r\n\t\t\t\t        <!-- Image -->\r\n        <a class=\"d-block rounded-xs overflow-hidden mb-3 \" href=\"https:\/\/hotelhamiltonagadir.com\/patrimoine-berbere-agadir\">\r\n            <img decoding=\"async\" width=\"410\" height=\"300\" src=\"https:\/\/hotelhamiltonagadir.com\/wp-content\/uploads\/2024\/05\/Image2.png\" class=\"img-fluid w-100 attachment-full size-full wp-image-13599 no-lazyload\" alt=\"H\u00f4tel \u00e0 Agadir- La musee manicipale\" \/>        <\/a>\r\n            <h6 class=\"mytravel-elementor-title__name font-size-17 pt-xl-1 font-weight-bold mb-1 text-gray-6\">\r\n        <a class=\"custom-title-color\" href=\"https:\/\/hotelhamiltonagadir.com\/patrimoine-berbere-agadir\">\r\n            Patrimoine berb\u00e8re d&#039;Agadir \r\n        <\/a>\r\n    <\/h6>\r\n            <a class=\"mytravel-elementor-excerpt__name text-gray-1\" href=\"https:\/\/hotelhamiltonagadir.com\/patrimoine-berbere-agadir\">\r\n            <span class=\"custom-excerpt-color\">la m\u00e9moire du patrimoine berb\u00e8re du Souss Massa <\/span>\r\n        <\/a>\r\n        \t\t\t<\/div>\r\n\t\t\t \r\n\t\t\t<div class=\"js-slide mb-4\">\r\n\t\t\t\t        <!-- Image -->\r\n        <a class=\"d-block rounded-xs overflow-hidden mb-3 \" href=\"https:\/\/hotelhamiltonagadir.com\/crocoparc-agadir\/\">\r\n            <img decoding=\"async\" width=\"410\" height=\"300\" src=\"https:\/\/hotelhamiltonagadir.com\/wp-content\/uploads\/2024\/05\/Image3.png\" class=\"img-fluid w-100 attachment-full size-full wp-image-13600 no-lazyload\" alt=\"H\u00f4tel \u00e0 Agadir Crocoparc d&#039;Agadir\" \/>        <\/a>\r\n            <h6 class=\"mytravel-elementor-title__name font-size-17 pt-xl-1 font-weight-bold mb-1 text-gray-6\">\r\n        <a class=\"custom-title-color\" href=\"https:\/\/hotelhamiltonagadir.com\/crocoparc-agadir\/\">\r\n            CrocoParc Agadir           \r\n        <\/a>\r\n    <\/h6>\r\n            <a class=\"mytravel-elementor-excerpt__name text-gray-1\" href=\"https:\/\/hotelhamiltonagadir.com\/crocoparc-agadir\/\">\r\n            <span class=\"custom-excerpt-color\">le parc zoologique des crocodiles situ\u00e9 \u00e0 Drarga<\/span>\r\n        <\/a>\r\n        \t\t\t<\/div>\r\n\t\t\t \r\n\t\t\t<div class=\"js-slide mb-4\">\r\n\t\t\t\t        <!-- Image -->\r\n        <a class=\"d-block rounded-xs overflow-hidden mb-3 \" href=\"https:\/\/hotelhamiltonagadir.com\/telepherique-dagadir\/\">\r\n            <img loading=\"lazy\" decoding=\"async\" width=\"410\" height=\"300\" src=\"https:\/\/hotelhamiltonagadir.com\/wp-content\/uploads\/2024\/05\/Image4.png\" class=\"img-fluid w-100 attachment-full size-full wp-image-13647 no-lazyload\" alt=\"Patrimoine berb\u00e8re d&#039;agadir-Le telepherique de la ville d&#039;Agadir , vue paronamique\" \/>        <\/a>\r\n            <h6 class=\"mytravel-elementor-title__name font-size-17 pt-xl-1 font-weight-bold mb-1 text-gray-6\">\r\n        <a class=\"custom-title-color\" href=\"https:\/\/hotelhamiltonagadir.com\/telepherique-dagadir\/\">\r\n            Le t\u00e9l\u00e9ph\u00e9rique d&#039;Agadir \r\n        <\/a>\r\n    <\/h6>\r\n            <a class=\"mytravel-elementor-excerpt__name text-gray-1\" href=\"https:\/\/hotelhamiltonagadir.com\/telepherique-dagadir\/\">\r\n            <span class=\"custom-excerpt-color\">le premier t\u00e9l\u00e9ph\u00e9rique, reliant Agadir \u00e0 sa Kasbah<\/span>\r\n        <\/a>\r\n        \t\t\t<\/div>\r\n\t\t\t\t\t<\/div>\r\n\t\t\t\t\t\t<\/div>\n\t\t\t\t<\/div>\n\t\t\t\t\t<\/div>\n\t\t<\/div>\n\t\t\t\t\t<\/div>\n\t\t<\/div>\n\t\t\t\t<\/div>\n\t\t","protected":false},"excerpt":{"rendered":"Patrimoine berb\u00e8re d&rsquo;Agadir : la m\u00e9moire du patrimoine berb\u00e8re du Souss Massa Agadir, Maroc &#8211; Voir sur la carte Description Le mus\u00e9e du patrimoine amazigh, situ\u00e9 dans la r\u00e9gion de Souss Massa, est une institution de premier plan d\u00e9di\u00e9e \u00e0 la pr\u00e9servation et \u00e0 la c\u00e9l\u00e9bration de la culture berb\u00e8re. Ce mus\u00e9e municipal est r\u00e9put\u00e9&#8230;","protected":false},"author":1,"featured_media":0,"parent":0,"menu_order":0,"comment_status":"closed","ping_status":"closed","template":"elementor_header_footer","meta":{"_acf_changed":false,"footnotes":""},"class_list":["post-17024","page","type-page","status-publish","hentry"],"acf":[],"_links":{"self":[{"href":"https:\/\/hotelhamiltonagadir.com\/en\/wp-json\/wp\/v2\/pages\/17024","targetHints":{"allow":["GET"]}}],"collection":[{"href":"https:\/\/hotelhamiltonagadir.com\/en\/wp-json\/wp\/v2\/pages"}],"about":[{"href":"https:\/\/hotelhamiltonagadir.com\/en\/wp-json\/wp\/v2\/types\/page"}],"author":[{"embeddable":true,"href":"https:\/\/hotelhamiltonagadir.com\/en\/wp-json\/wp\/v2\/users\/1"}],"replies":[{"embeddable":true,"href":"https:\/\/hotelhamiltonagadir.com\/en\/wp-json\/wp\/v2\/comments?post=17024"}],"version-history":[{"count":48,"href":"https:\/\/hotelhamiltonagadir.com\/en\/wp-json\/wp\/v2\/pages\/17024\/revisions"}],"predecessor-version":[{"id":24567,"href":"https:\/\/hotelhamiltonagadir.com\/en\/wp-json\/wp\/v2\/pages\/17024\/revisions\/24567"}],"wp:attachment":[{"href":"https:\/\/hotelhamiltonagadir.com\/en\/wp-json\/wp\/v2\/media?parent=17024"}],"curies":[{"name":"wp","href":"https:\/\/api.w.org\/{rel}","templated":true}]}}