{"id":14879,"date":"2024-05-29T12:43:15","date_gmt":"2024-05-29T12:43:15","guid":{"rendered":"https:\/\/hotelhamiltonagadir.com\/?page_id=14879"},"modified":"2025-11-23T12:08:46","modified_gmt":"2025-11-23T11:08:46","slug":"menu-restaurant-girona","status":"publish","type":"page","link":"https:\/\/hotelhamiltonagadir.com\/en\/menu-restaurant-girona\/","title":{"rendered":"D\u00e9couvrez le Menu du Restaurant Girona \u00e0 l&rsquo;H\u00f4tel Hamilton Agadir"},"content":{"rendered":"<div data-elementor-type=\"wp-page\" data-elementor-id=\"14879\" class=\"elementor elementor-14879\" data-elementor-post-type=\"page\">\n\t\t\t\t\t\t<div class=\"elementor-section elementor-top-section elementor-element elementor-element-c9fc15a elementor-section-full_width hero-block hero-v4 bg-img-hero-bottom text-center z-index-2 elementor-reverse-tablet elementor-reverse-mobile elementor-section-height-default elementor-section-height-default\" data-id=\"c9fc15a\" data-element_type=\"section\" data-settings=\"{&quot;background_background&quot;:&quot;classic&quot;}\">\n\t\t\t\t\t\t<div class=\"elementor-container elementor-column-gap-default container pb-17\">\n\t\t\t\t\t<div class=\"elementor-column elementor-col-100 elementor-top-column elementor-element elementor-element-0df1584\" data-id=\"0df1584\" data-element_type=\"column\">\n\t\t\t<div class=\"elementor-widget-wrap\">\n\t\t\t\t\t\t\t<\/div>\n\t\t<\/div>\n\t\t\t\t\t<\/div>\n\t\t<\/div>\n\t\t\t\t<section class=\"elementor-section elementor-top-section elementor-element elementor-element-5d1ed59 elementor-section-boxed elementor-section-height-default elementor-section-height-default\" data-id=\"5d1ed59\" data-element_type=\"section\">\n\t\t\t\t\t\t<div class=\"elementor-container elementor-column-gap-default\">\n\t\t\t\t\t<div class=\"elementor-column elementor-col-100 elementor-top-column elementor-element elementor-element-4e3f84e\" data-id=\"4e3f84e\" data-element_type=\"column\">\n\t\t\t<div class=\"p-0 elementor-widget-wrap elementor-element-populated\">\n\t\t\t\t\t\t<div class=\"elementor-element elementor-element-a3e8736 w-md-100 w-lg-0 text-center mx-md-auto mb-5 mt-4 elementor-widget elementor-widget-highlighted-heading\" data-id=\"a3e8736\" data-element_type=\"widget\" data-widget_type=\"highlighted-heading.default\">\n\t\t\t\t<div class=\"elementor-widget-container\">\n\t\t\t\t\t<h1 class=\"mytravel-elementor-highlighted-heading__title section-title text-black font-size-30 font-weight-bold mb-0\">Menu and \u00c0 la carte: Girona Restaurant at the Hamilton Hotel<\/h1>\t\t\t\t<\/div>\n\t\t\t\t<\/div>\n\t\t\t\t\t<\/div>\n\t\t<\/div>\n\t\t\t\t\t<\/div>\n\t\t<\/section>\n\t\t<div class=\"elementor-element elementor-element-fb23731 e-flex e-con-boxed e-con e-parent\" data-id=\"fb23731\" data-element_type=\"container\">\n\t\t\t\t\t<div class=\"e-con-inner\">\n\t\t\t\t<div class=\"elementor-element elementor-element-36c32af elementor-widget elementor-widget-image\" data-id=\"36c32af\" data-element_type=\"widget\" data-widget_type=\"image.default\">\n\t\t\t\t<div class=\"elementor-widget-container\">\n\t\t\t\t\t\t\t\t\t\t\t\t\t\t\t<img fetchpriority=\"high\" decoding=\"async\" width=\"508\" height=\"1024\" src=\"https:\/\/hotelhamiltonagadir.com\/wp-content\/uploads\/2024\/08\/RestaurantMenu-508x1024.png\" class=\"img-fluid attachment-large size-large wp-image-19105 no-lazyload\" alt=\"restaurant Hamilton Agadir\" srcset=\"https:\/\/hotelhamiltonagadir.com\/wp-content\/uploads\/2024\/08\/RestaurantMenu-508x1024.png 508w, https:\/\/hotelhamiltonagadir.com\/wp-content\/uploads\/2024\/08\/RestaurantMenu-149x300.png 149w, https:\/\/hotelhamiltonagadir.com\/wp-content\/uploads\/2024\/08\/RestaurantMenu-768x1548.png 768w, https:\/\/hotelhamiltonagadir.com\/wp-content\/uploads\/2024\/08\/RestaurantMenu-762x1536.png 762w, https:\/\/hotelhamiltonagadir.com\/wp-content\/uploads\/2024\/08\/RestaurantMenu-1016x2048.png 1016w, https:\/\/hotelhamiltonagadir.com\/wp-content\/uploads\/2024\/08\/RestaurantMenu-6x12.png 6w, https:\/\/hotelhamiltonagadir.com\/wp-content\/uploads\/2024\/08\/RestaurantMenu-960x1935.png 960w, https:\/\/hotelhamiltonagadir.com\/wp-content\/uploads\/2024\/08\/RestaurantMenu.png 1860w\" sizes=\"(max-width: 508px) 100vw, 508px\" \/>\t\t\t\t\t\t\t\t\t\t\t\t\t\t\t<\/div>\n\t\t\t\t<\/div>\n\t\t\t\t\t<\/div>\n\t\t\t\t<\/div>\n\t\t<div class=\"elementor-element elementor-element-a002ad6 e-flex e-con-boxed e-con e-parent\" data-id=\"a002ad6\" data-element_type=\"container\">\n\t\t\t\t\t<div class=\"e-con-inner\">\n\t\t\t\t<div class=\"elementor-element elementor-element-23e2cbf elementor-widget elementor-widget-html\" data-id=\"23e2cbf\" data-element_type=\"widget\" data-widget_type=\"html.default\">\n\t\t\t\t<div class=\"elementor-widget-container\">\n\t\t\t\t\t<div class=\"elementor-widget-container\">\r\n    <div class=\"elementor-button-wrapper\">\r\n        <a href=\"https:\/\/hotelhamiltonagadir.com\/wp-content\/uploads\/2024\/08\/RestaurantMenu.png\" class=\"mytravel-button elementor-button-link btn btn-soft-primary btn-sm-menu no-lazyload\" role=\"button\" download>\r\n            <span class=\"elementor-button-content-wrapper\">\r\n                <span class=\"mytravel-button-text\">Download<\/span>\r\n            <\/span>\r\n        <\/a>\r\n    <\/div>\r\n<\/div>\r\n\t\t\t\t<\/div>\n\t\t\t\t<\/div>\n\t\t\t\t\t<\/div>\n\t\t\t\t<\/div>\n\t\t\t\t<\/div>","protected":false},"excerpt":{"rendered":"Menu et Carte : Restaurant Girona de l&rsquo;H\u00f4tel Hamilton T\u00e9l\u00e8charger","protected":false},"author":1,"featured_media":0,"parent":0,"menu_order":0,"comment_status":"closed","ping_status":"closed","template":"elementor_header_footer","meta":{"_acf_changed":false,"footnotes":""},"class_list":["post-14879","page","type-page","status-publish","hentry"],"acf":[],"_links":{"self":[{"href":"https:\/\/hotelhamiltonagadir.com\/en\/wp-json\/wp\/v2\/pages\/14879","targetHints":{"allow":["GET"]}}],"collection":[{"href":"https:\/\/hotelhamiltonagadir.com\/en\/wp-json\/wp\/v2\/pages"}],"about":[{"href":"https:\/\/hotelhamiltonagadir.com\/en\/wp-json\/wp\/v2\/types\/page"}],"author":[{"embeddable":true,"href":"https:\/\/hotelhamiltonagadir.com\/en\/wp-json\/wp\/v2\/users\/1"}],"replies":[{"embeddable":true,"href":"https:\/\/hotelhamiltonagadir.com\/en\/wp-json\/wp\/v2\/comments?post=14879"}],"version-history":[{"count":55,"href":"https:\/\/hotelhamiltonagadir.com\/en\/wp-json\/wp\/v2\/pages\/14879\/revisions"}],"predecessor-version":[{"id":24608,"href":"https:\/\/hotelhamiltonagadir.com\/en\/wp-json\/wp\/v2\/pages\/14879\/revisions\/24608"}],"wp:attachment":[{"href":"https:\/\/hotelhamiltonagadir.com\/en\/wp-json\/wp\/v2\/media?parent=14879"}],"curies":[{"name":"wp","href":"https:\/\/api.w.org\/{rel}","templated":true}]}}