{"id":14618,"date":"2024-05-28T10:19:10","date_gmt":"2024-05-28T10:19:10","guid":{"rendered":"https:\/\/hotelhamiltonagadir.com\/?page_id=14618"},"modified":"2026-01-05T13:07:40","modified_gmt":"2026-01-05T12:07:40","slug":"besoin-aide","status":"publish","type":"page","link":"https:\/\/hotelhamiltonagadir.com\/en\/besoin-aide\/","title":{"rendered":"Besoin d&rsquo;Aide ? Contactez Hamilton Agadir"},"content":{"rendered":"\t\t<div data-elementor-type=\"wp-page\" data-elementor-id=\"14618\" class=\"elementor elementor-14618\" data-elementor-post-type=\"page\">\n\t\t\t\t\t\t<div class=\"elementor-section elementor-top-section elementor-element elementor-element-c9fc15a elementor-section-full_width hero-block hero-v4 bg-img-hero-bottom text-center z-index-2 elementor-reverse-tablet elementor-reverse-mobile elementor-section-height-default elementor-section-height-default\" data-id=\"c9fc15a\" data-element_type=\"section\" data-settings=\"{&quot;background_background&quot;:&quot;classic&quot;}\">\n\t\t\t\t\t\t<div class=\"elementor-container elementor-column-gap-default container pb-17\">\n\t\t\t\t\t<div class=\"elementor-column elementor-col-100 elementor-top-column elementor-element elementor-element-0df1584\" data-id=\"0df1584\" data-element_type=\"column\">\n\t\t\t<div class=\"elementor-widget-wrap\">\n\t\t\t\t\t\t\t<\/div>\n\t\t<\/div>\n\t\t\t\t\t<\/div>\n\t\t<\/div>\n\t\t<div class=\"elementor-element elementor-element-15c09ec e-flex e-con-boxed e-con e-parent\" data-id=\"15c09ec\" data-element_type=\"container\">\n\t\t\t\t\t<div class=\"e-con-inner\">\n\t\t\t\t<div class=\"elementor-element elementor-element-71dfed9 elementor-widget elementor-widget-heading\" data-id=\"71dfed9\" data-element_type=\"widget\" data-widget_type=\"heading.default\">\n\t\t\t\t<div class=\"elementor-widget-container\">\n\t\t\t\t\t<h5 class=\"elementor-heading-title elementor-size-default\">Avez-vous des questions?\n<\/h5>\t\t\t\t<\/div>\n\t\t\t\t<\/div>\n\t\t\t\t<div class=\"elementor-element elementor-element-5d1c2e7 elementor-widget elementor-widget-heading\" data-id=\"5d1c2e7\" data-element_type=\"widget\" data-widget_type=\"heading.default\">\n\t\t\t\t<div class=\"elementor-widget-container\">\n\t\t\t\t\t<h1 class=\"elementor-heading-title elementor-size-default\">Contactez  Hamilton Agadir\n<\/h1>\t\t\t\t<\/div>\n\t\t\t\t<\/div>\n\t\t\t\t<div class=\"elementor-element elementor-element-8f39254 elementor-widget__width-initial elementor-widget elementor-widget-text-editor\" data-id=\"8f39254\" data-element_type=\"widget\" data-widget_type=\"text-editor.default\">\n\t\t\t\t<div class=\"elementor-widget-container\">\n\t\t\t\t\t\t\t\t\t<section class=\"c-presentation \"><div class=\"c-presentation__content\"><p>Si vous avez besoin de plus d&rsquo;informations ou avez des questions concernant votre r\u00e9servation, veuillez <strong>remplir le formulaire<\/strong> et nous vous r\u00e9pondrons dans les plus brefs d\u00e9lais avec toutes les informations dont vous avez besoin.<\/p><\/div><\/section><section class=\"o-container\"><form id=\"contact-form\" class=\"c-form contact-form\" action=\"https:\/\/www.eurohotelcastello.com\/contact\/submit\" method=\"POST\"><\/form><\/section>\t\t\t\t\t\t\t\t<\/div>\n\t\t\t\t<\/div>\n\t\t\t\t\t<\/div>\n\t\t\t\t<\/div>\n\t\t<div class=\"elementor-element elementor-element-d90aa8a e-flex e-con-boxed e-con e-parent\" data-id=\"d90aa8a\" data-element_type=\"container\">\n\t\t\t\t\t<div class=\"e-con-inner\">\n\t\t\t\t<div class=\"elementor-element elementor-element-2cac78a mb-4  elementor-button-align-stretch elementor-widget elementor-widget-form\" data-id=\"2cac78a\" data-element_type=\"widget\" data-settings=\"{&quot;step_next_label&quot;:&quot;Suivant&quot;,&quot;step_previous_label&quot;:&quot;Pr\\u00e9c\\u00e9dent&quot;,&quot;step_type&quot;:&quot;none&quot;,&quot;button_width&quot;:&quot;100&quot;,&quot;step_icon_shape&quot;:&quot;circle&quot;}\" data-widget_type=\"form.default\">\n\t\t\t\t<div class=\"elementor-widget-container\">\n\t\t\t\t\t\t\t<form class=\"elementor-form\" method=\"post\" id=\"contact\" name=\"contact\">\n\t\t\t<input type=\"hidden\" name=\"post_id\" value=\"14618\"\/>\n\t\t\t<input type=\"hidden\" name=\"form_id\" value=\"2cac78a\"\/>\n\t\t\t<input type=\"hidden\" name=\"referer_title\" value=\"\" \/>\n\n\t\t\t\n\t\t\t<div class=\"elementor-form-fields-wrapper elementor-labels-above\">\n\t\t\t\t\t\t\t\t<div class=\"elementor-field-type-text elementor-field-group elementor-column elementor-field-group-field_9812ff4 elementor-col-100 elementor-field-required\">\n\t\t\t\t\t\t\t\t\t\t\t\t<label for=\"form-field-field_9812ff4\" class=\"elementor-field-label\">\n\t\t\t\t\t\t\t\tNom complet *\t\t\t\t\t\t\t<\/label>\n\t\t\t\t\t\t\t\t\t\t\t\t\t\t<input size=\"1\" type=\"text\" name=\"form_fields[field_9812ff4]\" id=\"form-field-field_9812ff4\" class=\"elementor-field elementor-size-sm  elementor-field-textual\" placeholder=\"Nom complet\" required=\"required\">\n\t\t\t\t\t\t\t\t\t\t\t<\/div>\n\t\t\t\t\t\t\t\t<div class=\"elementor-field-type-email elementor-field-group elementor-column elementor-field-group-field_c9668d6 elementor-col-50 elementor-field-required\">\n\t\t\t\t\t\t\t\t\t\t\t\t<label for=\"form-field-field_c9668d6\" class=\"elementor-field-label\">\n\t\t\t\t\t\t\t\tEmail *\t\t\t\t\t\t\t<\/label>\n\t\t\t\t\t\t\t\t\t\t\t\t\t\t<input size=\"1\" type=\"email\" name=\"form_fields[field_c9668d6]\" id=\"form-field-field_c9668d6\" class=\"elementor-field elementor-size-sm  elementor-field-textual\" placeholder=\"Email\" required=\"required\">\n\t\t\t\t\t\t\t\t\t\t\t<\/div>\n\t\t\t\t\t\t\t\t<div class=\"elementor-field-type-tel elementor-field-group elementor-column elementor-field-group-field_d725c77 elementor-col-50 elementor-field-required\">\n\t\t\t\t\t\t\t\t\t\t\t\t<label for=\"form-field-field_d725c77\" class=\"elementor-field-label\">\n\t\t\t\t\t\t\t\tNum\u00e9ro de t\u00e9l\u00e9phone *\t\t\t\t\t\t\t<\/label>\n\t\t\t\t\t\t\t\t<input size=\"1\" type=\"tel\" name=\"form_fields[field_d725c77]\" id=\"form-field-field_d725c77\" class=\"elementor-field elementor-size-sm  elementor-field-textual\" placeholder=\"Num\u00e9ro\" required=\"required\" pattern=\"[0-9()#&amp;+*-=.]+\" title=\"Only numbers and phone characters (#, -, *, etc) are accepted.\">\n\n\t\t\t\t\t\t<\/div>\n\t\t\t\t\t\t\t\t<div class=\"elementor-field-type-textarea elementor-field-group elementor-column elementor-field-group-field_53db1f8 elementor-col-100\">\n\t\t\t\t\t\t\t\t\t\t\t\t<label for=\"form-field-field_53db1f8\" class=\"elementor-field-label\">\n\t\t\t\t\t\t\t\tMessage\t\t\t\t\t\t\t<\/label>\n\t\t\t\t\t\t<textarea class=\"elementor-field-textual elementor-field  elementor-size-sm\" name=\"form_fields[field_53db1f8]\" id=\"form-field-field_53db1f8\" rows=\"4\" placeholder=\"Message\"><\/textarea>\t\t\t\t<\/div>\n\t\t\t\t\t\t\t\t<div class=\"elementor-field-type-recaptcha elementor-field-group elementor-column elementor-field-group-field_cc715a1 elementor-col-100\">\n\t\t\t\t\t<div class=\"elementor-field\" id=\"form-field-field_cc715a1\"><div class=\"elementor-g-recaptcha\" data-sitekey=\"6LeX8qcrAAAAAFhsaC1U3LEZJzMgUJ_6dGfR-kJg\" data-type=\"v2_checkbox\" data-theme=\"light\" data-size=\"normal\"><\/div><\/div>\t\t\t\t<\/div>\n\t\t\t\t\t\t\t\t<div class=\"elementor-field-group elementor-column elementor-field-type-submit elementor-col-100 e-form__buttons\">\n\t\t\t\t\t<button class=\"elementor-button elementor-size-md\" type=\"submit\">\n\t\t\t\t\t\t<span class=\"elementor-button-content-wrapper\">\n\t\t\t\t\t\t\t\t\t\t\t\t\t\t\t\t\t\t\t\t\t\t<span class=\"elementor-button-text\">Envoyer<\/span>\n\t\t\t\t\t\t\t\t\t\t\t\t\t<\/span>\n\t\t\t\t\t<\/button>\n\t\t\t\t<\/div>\n\t\t\t<\/div>\n\t\t<\/form>\n\t\t\t\t\t\t<\/div>\n\t\t\t\t<\/div>\n\t\t\t\t\t<\/div>\n\t\t\t\t<\/div>\n\t\t<div class=\"elementor-element elementor-element-a1dc21d e-con-full e-flex e-con e-parent\" data-id=\"a1dc21d\" data-element_type=\"container\">\n\t\t\t\t<div class=\"elementor-element elementor-element-e832a9e elementor-widget elementor-widget-google_maps\" data-id=\"e832a9e\" data-element_type=\"widget\" data-widget_type=\"google_maps.map-mytravel\">\n\t\t\t\t<div class=\"elementor-widget-container\">\n\t\t\t\t\t\t\t<div class=\"elementor-custom-embed\">\n\t\t\t<iframe \n\t\t\t\t\tsrc=\"https:\/\/maps.google.com\/maps?q=hamilton%2C%20agadir&#038;t=m&#038;z=14&#038;output=embed&#038;iwloc=near\"\n\t\t\t\t\ttitle=\"hamilton, agadir\"\n\t\t\t\t\taria-label=\"hamilton, agadir\"\n\t\t\t><\/iframe>\n\t\t<\/div>\n\t\t\t\t\t\t<\/div>\n\t\t\t\t<\/div>\n\t\t\t\t<\/div>\n\t\t<div class=\"elementor-element elementor-element-c19c3fb mt-3 e-flex e-con-boxed e-con e-parent\" data-id=\"c19c3fb\" data-element_type=\"container\">\n\t\t\t\t\t<div class=\"e-con-inner\">\n\t\t\t\t<div class=\"elementor-element elementor-element-870432d w-md-80 w-lg-50 text-center mx-md-auto elementor-widget elementor-widget-highlighted-heading\" data-id=\"870432d\" data-element_type=\"widget\" data-widget_type=\"highlighted-heading.default\">\n\t\t\t\t<div class=\"elementor-widget-container\">\n\t\t\t\t\t<h2 class=\"mytravel-elementor-highlighted-heading__title section-title text-black font-size-30 font-weight-bold mb-5 pb-xl-1\">Besoin d'Aide ?<\/h2>\t\t\t\t<\/div>\n\t\t\t\t<\/div>\n\t\t\t\t\t<\/div>\n\t\t\t\t<\/div>\n\t\t\t\t<section class=\"elementor-section elementor-top-section elementor-element elementor-element-dd6f862 mb-5  elementor-section-boxed elementor-section-height-default elementor-section-height-default\" data-id=\"dd6f862\" data-element_type=\"section\">\n\t\t\t\t\t\t<div class=\"elementor-container elementor-column-gap-default\">\n\t\t\t\t\t<div class=\"elementor-column elementor-col-100 elementor-top-column elementor-element elementor-element-a9faf67\" data-id=\"a9faf67\" data-element_type=\"column\">\n\t\t\t<div class=\"elementor-widget-wrap elementor-element-populated\">\n\t\t\t\t\t\t<div class=\"elementor-section elementor-inner-section elementor-element elementor-element-7771720 elementor-section-full_width mb-5 elementor-section-height-default elementor-section-height-default\" data-id=\"7771720\" data-element_type=\"section\">\n\t\t\t\t\t\t<div class=\"elementor-container elementor-column-gap-default row\">\n\t\t\t\t\t<div class=\"elementor-column elementor-col-33 elementor-inner-column elementor-element elementor-element-c9a4862 col-md-6 col-lg-4\" data-id=\"c9a4862\" data-element_type=\"column\">\n\t\t\t<div class=\"mb-5 mb-lg-0 text-center  p-0 elementor-widget-wrap elementor-element-populated\">\n\t\t\t\t\t\t<div class=\"elementor-element elementor-element-da5732c mb-0 elementor-widget elementor-widget-highlighted-heading\" data-id=\"da5732c\" data-element_type=\"widget\" data-widget_type=\"highlighted-heading.default\">\n\t\t\t\t<div class=\"elementor-widget-container\">\n\t\t\t\t\t<h6 class=\"mytravel-elementor-highlighted-heading__title text-gray-3 font-weight-bold font-size-21\">Email<\/h6>\t\t\t\t<\/div>\n\t\t\t\t<\/div>\n\t\t\t\t<div class=\"elementor-element elementor-element-f3a925c mb-0 elementor-widget elementor-widget-highlighted-heading\" data-id=\"f3a925c\" data-element_type=\"widget\" data-widget_type=\"highlighted-heading.default\">\n\t\t\t\t<div class=\"elementor-widget-container\">\n\t\t\t\t\t<p class=\"mytravel-elementor-highlighted-heading__title mb-0 text-gray-1\">resa@hotelhamiltonagadir.com<\/p>\t\t\t\t<\/div>\n\t\t\t\t<\/div>\n\t\t\t\t<div class=\"elementor-element elementor-element-2edb25f mb-0 elementor-widget elementor-widget-highlighted-heading\" data-id=\"2edb25f\" data-element_type=\"widget\" data-widget_type=\"highlighted-heading.default\">\n\t\t\t\t<div class=\"elementor-widget-container\">\n\t\t\t\t\t<p class=\"mytravel-elementor-highlighted-heading__title mb-0 text-gray-1\">commercialagadir@hamiltonhoteles.com<\/p>\t\t\t\t<\/div>\n\t\t\t\t<\/div>\n\t\t\t\t\t<\/div>\n\t\t<\/div>\n\t\t\t\t<div class=\"elementor-column elementor-col-33 elementor-inner-column elementor-element elementor-element-73e814b col-md-6 col-lg-4\" data-id=\"73e814b\" data-element_type=\"column\">\n\t\t\t<div class=\"mb-5 mb-lg-0 text-center p-0 elementor-widget-wrap elementor-element-populated\">\n\t\t\t\t\t\t<div class=\"elementor-element elementor-element-bf70ae7 mb-0 elementor-widget elementor-widget-highlighted-heading\" data-id=\"bf70ae7\" data-element_type=\"widget\" data-widget_type=\"highlighted-heading.default\">\n\t\t\t\t<div class=\"elementor-widget-container\">\n\t\t\t\t\t<h6 class=\"mytravel-elementor-highlighted-heading__title text-gray-3 font-weight-bold font-size-21\">Localisation<\/h6>\t\t\t\t<\/div>\n\t\t\t\t<\/div>\n\t\t\t\t<div class=\"elementor-element elementor-element-645a2b5 mb-0 elementor-widget elementor-widget-highlighted-heading\" data-id=\"645a2b5\" data-element_type=\"widget\" data-widget_type=\"highlighted-heading.default\">\n\t\t\t\t<div class=\"elementor-widget-container\">\n\t\t\t\t\t<p class=\"mytravel-elementor-highlighted-heading__title mb-1 text-gray-1\">Boulevard Mohamed V Agadir,80000<\/p>\t\t\t\t<\/div>\n\t\t\t\t<\/div>\n\t\t\t\t<div class=\"elementor-element elementor-element-2801ade mb-0 elementor-widget elementor-widget-highlighted-heading\" data-id=\"2801ade\" data-element_type=\"widget\" data-widget_type=\"highlighted-heading.default\">\n\t\t\t\t<div class=\"elementor-widget-container\">\n\t\t\t\t\t<p class=\"mytravel-elementor-highlighted-heading__title text-gray-1 mb-3 mb-md-5\">Agadir, Maroc<\/p>\t\t\t\t<\/div>\n\t\t\t\t<\/div>\n\t\t\t\t<div class=\"elementor-element elementor-element-8482839 elementor-widget elementor-widget-highlighted-heading\" data-id=\"8482839\" data-element_type=\"widget\" data-widget_type=\"highlighted-heading.default\">\n\t\t\t\t<div class=\"elementor-widget-container\">\n\t\t\t\t\t<span class=\"mytravel-elementor-highlighted-heading__title\"><a href=\"https:\/\/maps.app.goo.gl\/wHQ3QDRvhPfAY5pUA\" class=\"text-reset text-decoration-none d-inline-block\" target=\"_blank\" rel=\"noopener\"><span class=\"mytravel-elementor-highlighted-heading__highlighted-text border-bottom border-primary font-weight-normal font-size-14 text-primary\">Voir sur la carte<\/span><\/a><\/span>\t\t\t\t<\/div>\n\t\t\t\t<\/div>\n\t\t\t\t\t<\/div>\n\t\t<\/div>\n\t\t\t\t<div class=\"elementor-column elementor-col-33 elementor-inner-column elementor-element elementor-element-53190bf col-md-6 col-lg-4\" data-id=\"53190bf\" data-element_type=\"column\">\n\t\t\t<div class=\"mb-5 mb-lg-0 text-center p-0 elementor-widget-wrap elementor-element-populated\">\n\t\t\t\t\t\t<div class=\"elementor-element elementor-element-3169ffc mb-0 elementor-widget elementor-widget-highlighted-heading\" data-id=\"3169ffc\" data-element_type=\"widget\" data-widget_type=\"highlighted-heading.default\">\n\t\t\t\t<div class=\"elementor-widget-container\">\n\t\t\t\t\t<h6 class=\"mytravel-elementor-highlighted-heading__title text-gray-3 font-weight-bold font-size-21\">T\u00e9l\u00e9phone<\/h6>\t\t\t\t<\/div>\n\t\t\t\t<\/div>\n\t\t\t\t<div class=\"elementor-element elementor-element-09d214d mb-0 elementor-widget elementor-widget-highlighted-heading\" data-id=\"09d214d\" data-element_type=\"widget\" data-widget_type=\"highlighted-heading.default\">\n\t\t\t\t<div class=\"elementor-widget-container\">\n\t\t\t\t\t<p class=\"mytravel-elementor-highlighted-heading__title mb-1 text-gray-1\">+212 528840437<\/p>\t\t\t\t<\/div>\n\t\t\t\t<\/div>\n\t\t\t\t<div class=\"elementor-element elementor-element-104ecb7 mb-0 elementor-widget elementor-widget-highlighted-heading\" data-id=\"104ecb7\" data-element_type=\"widget\" data-widget_type=\"highlighted-heading.default\">\n\t\t\t\t<div class=\"elementor-widget-container\">\n\t\t\t\t\t<p class=\"mytravel-elementor-highlighted-heading__title mb-1 text-gray-1\">+212 528840417<\/p>\t\t\t\t<\/div>\n\t\t\t\t<\/div>\n\t\t\t\t\t<\/div>\n\t\t<\/div>\n\t\t\t\t\t<\/div>\n\t\t<\/div>\n\t\t\t\t\t<\/div>\n\t\t<\/div>\n\t\t\t\t\t<\/div>\n\t\t<\/section>\n\t\t\t\t<\/div>\n\t\t","protected":false},"excerpt":{"rendered":"Avez-vous des questions? Contactez Hamilton Agadir Si vous avez besoin de plus d&rsquo;informations ou avez des questions concernant votre r\u00e9servation, veuillez remplir le formulaire et nous vous r\u00e9pondrons dans les plus brefs d\u00e9lais avec toutes les informations dont vous avez besoin. Besoin d&rsquo;Aide ? Email resa@hotelhamiltonagadir.com commercialagadir@hamiltonhoteles.com Localisation Boulevard Mohamed V Agadir,80000 Agadir, Maroc Voir&#8230;","protected":false},"author":1,"featured_media":0,"parent":0,"menu_order":0,"comment_status":"closed","ping_status":"closed","template":"elementor_header_footer","meta":{"_acf_changed":false,"footnotes":""},"class_list":["post-14618","page","type-page","status-publish","hentry"],"acf":[],"_links":{"self":[{"href":"https:\/\/hotelhamiltonagadir.com\/en\/wp-json\/wp\/v2\/pages\/14618","targetHints":{"allow":["GET"]}}],"collection":[{"href":"https:\/\/hotelhamiltonagadir.com\/en\/wp-json\/wp\/v2\/pages"}],"about":[{"href":"https:\/\/hotelhamiltonagadir.com\/en\/wp-json\/wp\/v2\/types\/page"}],"author":[{"embeddable":true,"href":"https:\/\/hotelhamiltonagadir.com\/en\/wp-json\/wp\/v2\/users\/1"}],"replies":[{"embeddable":true,"href":"https:\/\/hotelhamiltonagadir.com\/en\/wp-json\/wp\/v2\/comments?post=14618"}],"version-history":[{"count":88,"href":"https:\/\/hotelhamiltonagadir.com\/en\/wp-json\/wp\/v2\/pages\/14618\/revisions"}],"predecessor-version":[{"id":24790,"href":"https:\/\/hotelhamiltonagadir.com\/en\/wp-json\/wp\/v2\/pages\/14618\/revisions\/24790"}],"wp:attachment":[{"href":"https:\/\/hotelhamiltonagadir.com\/en\/wp-json\/wp\/v2\/media?parent=14618"}],"curies":[{"name":"wp","href":"https:\/\/api.w.org\/{rel}","templated":true}]}}